{"id":210957,"date":"2025-01-20T13:52:07","date_gmt":"2025-01-20T12:52:07","guid":{"rendered":"https:\/\/shop.holstein.ch\/?post_type=product&#038;p=210957"},"modified":"2025-11-04T11:02:06","modified_gmt":"2025-11-04T10:02:06","slug":"casquette-en-laine","status":"publish","type":"product","link":"https:\/\/shop.holstein.ch\/fr\/shop\/goodies\/casquette-en-laine\/","title":{"rendered":"Casquette en laine"},"content":{"rendered":"<p>Casquette en laine<br \/>\n&#8211; Logo tiss\u00e9e sur l&rsquo;avant<br \/>\n&#8211; Broderie derri\u00e8re en arc de cercle<br \/>\n&#8211; Drapeau suisse cousu dans la fermeture<br \/>\n&#8211; Bandes int\u00e9rieurs imprim\u00e9es Holstein Switzerland<\/p>\n","protected":false},"excerpt":{"rendered":"<p>Casquette en laine &#8211; Logo tiss\u00e9e sur l&rsquo;avant &#8211; Broderie derri\u00e8re en arc de cercle &#8211; Drapeau suisse cousu dans la fermeture &#8211; Bandes int\u00e9rieurs imprim\u00e9es Holstein Switzerland<\/p>\n","protected":false},"featured_media":210950,"comment_status":"open","ping_status":"closed","template":"","meta":{"_monsterinsights_skip_tracking":false,"_monsterinsights_sitenote_active":false,"_monsterinsights_sitenote_note":"","_monsterinsights_sitenote_category":0},"product_brand":[],"product_cat":[113,15,112],"product_tag":[],"class_list":{"0":"post-210957","1":"product","2":"type-product","3":"status-publish","4":"has-post-thumbnail","6":"product_cat-edition-limite","7":"product_cat-goodies","8":"product_cat-temps-libre-et-sport","10":"first","11":"instock","12":"taxable","13":"shipping-taxable","14":"purchasable","15":"product-type-simple"},"yoast_head":"<!-- This site is optimized with the Yoast SEO plugin v27.3 - https:\/\/yoast.com\/product\/yoast-seo-wordpress\/ -->\n<title>Casquette en laine &#8211; Holstein Shop Switzerland<\/title>\n<meta name=\"robots\" content=\"index, follow, max-snippet:-1, max-image-preview:large, max-video-preview:-1\" \/>\n<link rel=\"canonical\" href=\"https:\/\/shop.holstein.ch\/fr\/shop\/goodies\/casquette-en-laine\/\" \/>\n<meta property=\"og:locale\" content=\"fr_FR\" \/>\n<meta property=\"og:type\" content=\"article\" \/>\n<meta property=\"og:title\" content=\"Casquette en laine &#8211; Holstein Shop Switzerland\" \/>\n<meta property=\"og:description\" content=\"Casquette en laine &#8211; Logo tiss\u00e9e sur l&rsquo;avant &#8211; Broderie derri\u00e8re en arc de cercle &#8211; Drapeau suisse cousu dans la fermeture &#8211; Bandes int\u00e9rieurs imprim\u00e9es Holstein Switzerland\" \/>\n<meta property=\"og:url\" content=\"https:\/\/shop.holstein.ch\/fr\/shop\/goodies\/casquette-en-laine\/\" \/>\n<meta property=\"og:site_name\" content=\"Holstein Shop Switzerland\" \/>\n<meta property=\"article:publisher\" content=\"https:\/\/www.facebook.com\/HolSwi\" \/>\n<meta property=\"article:modified_time\" content=\"2025-11-04T10:02:06+00:00\" \/>\n<meta property=\"og:image\" content=\"https:\/\/shop.holstein.ch\/wp-content\/uploads\/2025\/01\/2B5A8142-scaled.jpg\" \/>\n\t<meta property=\"og:image:width\" content=\"2560\" \/>\n\t<meta property=\"og:image:height\" content=\"2560\" \/>\n\t<meta property=\"og:image:type\" content=\"image\/jpeg\" \/>\n<meta name=\"twitter:card\" content=\"summary_large_image\" \/>\n<meta name=\"twitter:label1\" content=\"Dur\u00e9e de lecture estim\u00e9e\" \/>\n\t<meta name=\"twitter:data1\" content=\"1 minute\" \/>\n<script type=\"application\/ld+json\" class=\"yoast-schema-graph\">{\"@context\":\"https:\\\/\\\/schema.org\",\"@graph\":[{\"@type\":\"WebPage\",\"@id\":\"https:\\\/\\\/shop.holstein.ch\\\/fr\\\/shop\\\/goodies\\\/casquette-en-laine\\\/\",\"url\":\"https:\\\/\\\/shop.holstein.ch\\\/fr\\\/shop\\\/goodies\\\/casquette-en-laine\\\/\",\"name\":\"Casquette en laine &#8211; Holstein Shop Switzerland\",\"isPartOf\":{\"@id\":\"https:\\\/\\\/shop.holstein.ch\\\/fr\\\/#website\"},\"primaryImageOfPage\":{\"@id\":\"https:\\\/\\\/shop.holstein.ch\\\/fr\\\/shop\\\/goodies\\\/casquette-en-laine\\\/#primaryimage\"},\"image\":{\"@id\":\"https:\\\/\\\/shop.holstein.ch\\\/fr\\\/shop\\\/goodies\\\/casquette-en-laine\\\/#primaryimage\"},\"thumbnailUrl\":\"https:\\\/\\\/shop.holstein.ch\\\/wp-content\\\/uploads\\\/2025\\\/01\\\/2B5A8142-scaled.jpg\",\"datePublished\":\"2025-01-20T12:52:07+00:00\",\"dateModified\":\"2025-11-04T10:02:06+00:00\",\"breadcrumb\":{\"@id\":\"https:\\\/\\\/shop.holstein.ch\\\/fr\\\/shop\\\/goodies\\\/casquette-en-laine\\\/#breadcrumb\"},\"inLanguage\":\"fr-FR\",\"potentialAction\":[{\"@type\":\"ReadAction\",\"target\":[\"https:\\\/\\\/shop.holstein.ch\\\/fr\\\/shop\\\/goodies\\\/casquette-en-laine\\\/\"]}]},{\"@type\":\"ImageObject\",\"inLanguage\":\"fr-FR\",\"@id\":\"https:\\\/\\\/shop.holstein.ch\\\/fr\\\/shop\\\/goodies\\\/casquette-en-laine\\\/#primaryimage\",\"url\":\"https:\\\/\\\/shop.holstein.ch\\\/wp-content\\\/uploads\\\/2025\\\/01\\\/2B5A8142-scaled.jpg\",\"contentUrl\":\"https:\\\/\\\/shop.holstein.ch\\\/wp-content\\\/uploads\\\/2025\\\/01\\\/2B5A8142-scaled.jpg\",\"width\":2560,\"height\":2560},{\"@type\":\"BreadcrumbList\",\"@id\":\"https:\\\/\\\/shop.holstein.ch\\\/fr\\\/shop\\\/goodies\\\/casquette-en-laine\\\/#breadcrumb\",\"itemListElement\":[{\"@type\":\"ListItem\",\"position\":1,\"name\":\"Holstein Shop\",\"item\":\"https:\\\/\\\/shop.holstein.ch\\\/fr\\\/\"},{\"@type\":\"ListItem\",\"position\":2,\"name\":\"Goodies\",\"item\":\"https:\\\/\\\/shop.holstein.ch\\\/fr\\\/categorie-produit\\\/goodies\\\/\"},{\"@type\":\"ListItem\",\"position\":3,\"name\":\"Casquette en laine\"}]},{\"@type\":\"WebSite\",\"@id\":\"https:\\\/\\\/shop.holstein.ch\\\/fr\\\/#website\",\"url\":\"https:\\\/\\\/shop.holstein.ch\\\/fr\\\/\",\"name\":\"Holstein Switzerland Shop\",\"description\":\"Des articles pour prolonger votre attachement \u00e0 Holstein Switzerland\",\"publisher\":{\"@id\":\"https:\\\/\\\/shop.holstein.ch\\\/fr\\\/#organization\"},\"potentialAction\":[{\"@type\":\"SearchAction\",\"target\":{\"@type\":\"EntryPoint\",\"urlTemplate\":\"https:\\\/\\\/shop.holstein.ch\\\/fr\\\/?s={search_term_string}\"},\"query-input\":{\"@type\":\"PropertyValueSpecification\",\"valueRequired\":true,\"valueName\":\"search_term_string\"}}],\"inLanguage\":\"fr-FR\"},{\"@type\":\"Organization\",\"@id\":\"https:\\\/\\\/shop.holstein.ch\\\/fr\\\/#organization\",\"name\":\"Holstein Switzerland Shop\",\"url\":\"https:\\\/\\\/shop.holstein.ch\\\/fr\\\/\",\"logo\":{\"@type\":\"ImageObject\",\"inLanguage\":\"fr-FR\",\"@id\":\"https:\\\/\\\/shop.holstein.ch\\\/fr\\\/#\\\/schema\\\/logo\\\/image\\\/\",\"url\":\"https:\\\/\\\/shop.holstein.ch\\\/wp-content\\\/uploads\\\/2023\\\/11\\\/holstein_switzerland_logo.svg\",\"contentUrl\":\"https:\\\/\\\/shop.holstein.ch\\\/wp-content\\\/uploads\\\/2023\\\/11\\\/holstein_switzerland_logo.svg\",\"width\":591,\"height\":458,\"caption\":\"Holstein Switzerland Shop\"},\"image\":{\"@id\":\"https:\\\/\\\/shop.holstein.ch\\\/fr\\\/#\\\/schema\\\/logo\\\/image\\\/\"},\"sameAs\":[\"https:\\\/\\\/www.facebook.com\\\/HolSwi\",\"https:\\\/\\\/www.instagram.com\\\/holstein_switzerland\",\"https:\\\/\\\/www.youtube.com\\\/@holsteinswitzerland\"]}]}<\/script>\n<!-- \/ Yoast SEO plugin. -->","yoast_head_json":{"title":"Casquette en laine &#8211; Holstein Shop Switzerland","robots":{"index":"index","follow":"follow","max-snippet":"max-snippet:-1","max-image-preview":"max-image-preview:large","max-video-preview":"max-video-preview:-1"},"canonical":"https:\/\/shop.holstein.ch\/fr\/shop\/goodies\/casquette-en-laine\/","og_locale":"fr_FR","og_type":"article","og_title":"Casquette en laine &#8211; Holstein Shop Switzerland","og_description":"Casquette en laine &#8211; Logo tiss\u00e9e sur l&rsquo;avant &#8211; Broderie derri\u00e8re en arc de cercle &#8211; Drapeau suisse cousu dans la fermeture &#8211; Bandes int\u00e9rieurs imprim\u00e9es Holstein Switzerland","og_url":"https:\/\/shop.holstein.ch\/fr\/shop\/goodies\/casquette-en-laine\/","og_site_name":"Holstein Shop Switzerland","article_publisher":"https:\/\/www.facebook.com\/HolSwi","article_modified_time":"2025-11-04T10:02:06+00:00","og_image":[{"width":2560,"height":2560,"url":"https:\/\/shop.holstein.ch\/wp-content\/uploads\/2025\/01\/2B5A8142-scaled.jpg","type":"image\/jpeg"}],"twitter_card":"summary_large_image","twitter_misc":{"Dur\u00e9e de lecture estim\u00e9e":"1 minute"},"schema":{"@context":"https:\/\/schema.org","@graph":[{"@type":"WebPage","@id":"https:\/\/shop.holstein.ch\/fr\/shop\/goodies\/casquette-en-laine\/","url":"https:\/\/shop.holstein.ch\/fr\/shop\/goodies\/casquette-en-laine\/","name":"Casquette en laine &#8211; Holstein Shop Switzerland","isPartOf":{"@id":"https:\/\/shop.holstein.ch\/fr\/#website"},"primaryImageOfPage":{"@id":"https:\/\/shop.holstein.ch\/fr\/shop\/goodies\/casquette-en-laine\/#primaryimage"},"image":{"@id":"https:\/\/shop.holstein.ch\/fr\/shop\/goodies\/casquette-en-laine\/#primaryimage"},"thumbnailUrl":"https:\/\/shop.holstein.ch\/wp-content\/uploads\/2025\/01\/2B5A8142-scaled.jpg","datePublished":"2025-01-20T12:52:07+00:00","dateModified":"2025-11-04T10:02:06+00:00","breadcrumb":{"@id":"https:\/\/shop.holstein.ch\/fr\/shop\/goodies\/casquette-en-laine\/#breadcrumb"},"inLanguage":"fr-FR","potentialAction":[{"@type":"ReadAction","target":["https:\/\/shop.holstein.ch\/fr\/shop\/goodies\/casquette-en-laine\/"]}]},{"@type":"ImageObject","inLanguage":"fr-FR","@id":"https:\/\/shop.holstein.ch\/fr\/shop\/goodies\/casquette-en-laine\/#primaryimage","url":"https:\/\/shop.holstein.ch\/wp-content\/uploads\/2025\/01\/2B5A8142-scaled.jpg","contentUrl":"https:\/\/shop.holstein.ch\/wp-content\/uploads\/2025\/01\/2B5A8142-scaled.jpg","width":2560,"height":2560},{"@type":"BreadcrumbList","@id":"https:\/\/shop.holstein.ch\/fr\/shop\/goodies\/casquette-en-laine\/#breadcrumb","itemListElement":[{"@type":"ListItem","position":1,"name":"Holstein Shop","item":"https:\/\/shop.holstein.ch\/fr\/"},{"@type":"ListItem","position":2,"name":"Goodies","item":"https:\/\/shop.holstein.ch\/fr\/categorie-produit\/goodies\/"},{"@type":"ListItem","position":3,"name":"Casquette en laine"}]},{"@type":"WebSite","@id":"https:\/\/shop.holstein.ch\/fr\/#website","url":"https:\/\/shop.holstein.ch\/fr\/","name":"Holstein Switzerland Shop","description":"Des articles pour prolonger votre attachement \u00e0 Holstein Switzerland","publisher":{"@id":"https:\/\/shop.holstein.ch\/fr\/#organization"},"potentialAction":[{"@type":"SearchAction","target":{"@type":"EntryPoint","urlTemplate":"https:\/\/shop.holstein.ch\/fr\/?s={search_term_string}"},"query-input":{"@type":"PropertyValueSpecification","valueRequired":true,"valueName":"search_term_string"}}],"inLanguage":"fr-FR"},{"@type":"Organization","@id":"https:\/\/shop.holstein.ch\/fr\/#organization","name":"Holstein Switzerland Shop","url":"https:\/\/shop.holstein.ch\/fr\/","logo":{"@type":"ImageObject","inLanguage":"fr-FR","@id":"https:\/\/shop.holstein.ch\/fr\/#\/schema\/logo\/image\/","url":"https:\/\/shop.holstein.ch\/wp-content\/uploads\/2023\/11\/holstein_switzerland_logo.svg","contentUrl":"https:\/\/shop.holstein.ch\/wp-content\/uploads\/2023\/11\/holstein_switzerland_logo.svg","width":591,"height":458,"caption":"Holstein Switzerland Shop"},"image":{"@id":"https:\/\/shop.holstein.ch\/fr\/#\/schema\/logo\/image\/"},"sameAs":["https:\/\/www.facebook.com\/HolSwi","https:\/\/www.instagram.com\/holstein_switzerland","https:\/\/www.youtube.com\/@holsteinswitzerland"]}]}},"_links":{"self":[{"href":"https:\/\/shop.holstein.ch\/fr\/wp-json\/wp\/v2\/product\/210957","targetHints":{"allow":["GET"]}}],"collection":[{"href":"https:\/\/shop.holstein.ch\/fr\/wp-json\/wp\/v2\/product"}],"about":[{"href":"https:\/\/shop.holstein.ch\/fr\/wp-json\/wp\/v2\/types\/product"}],"replies":[{"embeddable":true,"href":"https:\/\/shop.holstein.ch\/fr\/wp-json\/wp\/v2\/comments?post=210957"}],"wp:featuredmedia":[{"embeddable":true,"href":"https:\/\/shop.holstein.ch\/fr\/wp-json\/wp\/v2\/media\/210950"}],"wp:attachment":[{"href":"https:\/\/shop.holstein.ch\/fr\/wp-json\/wp\/v2\/media?parent=210957"}],"wp:term":[{"taxonomy":"product_brand","embeddable":true,"href":"https:\/\/shop.holstein.ch\/fr\/wp-json\/wp\/v2\/product_brand?post=210957"},{"taxonomy":"product_cat","embeddable":true,"href":"https:\/\/shop.holstein.ch\/fr\/wp-json\/wp\/v2\/product_cat?post=210957"},{"taxonomy":"product_tag","embeddable":true,"href":"https:\/\/shop.holstein.ch\/fr\/wp-json\/wp\/v2\/product_tag?post=210957"}],"curies":[{"name":"wp","href":"https:\/\/api.w.org\/{rel}","templated":true}]}}