{"id":210274,"date":"2024-05-06T13:17:17","date_gmt":"2024-05-06T11:17:17","guid":{"rendered":"https:\/\/shop.holstein.ch\/?post_type=product&#038;p=210274"},"modified":"2026-03-11T09:16:55","modified_gmt":"2026-03-11T08:16:55","slug":"polo-jubile-125-ans","status":"publish","type":"product","link":"https:\/\/shop.holstein.ch\/fr\/shop\/textile\/polo-jubile-125-ans\/","title":{"rendered":"Polo jubil\u00e9 125 ans"},"content":{"rendered":"<p>Polo coton 100% BIO<\/p>\n<p>Fentes c\u00f4t\u00e9s avec finition int\u00e9rieure en jersey simple et \u00e9pais<br \/>\nCouture du badge sur le coeur<br \/>\nBroderie sur manche ton sur ton.<br \/>\nMATI\u00c8RE PRINCIPALE: 100% COTON BIOLOGIQUE<\/p>\n","protected":false},"excerpt":{"rendered":"<p>Polo coton 100% BIO Fentes c\u00f4t\u00e9s avec finition int\u00e9rieure en jersey simple et \u00e9pais Couture du badge sur le coeur Broderie sur manche ton sur ton. MATI\u00c8RE PRINCIPALE: 100% COTON BIOLOGIQUE<\/p>\n","protected":false},"featured_media":210288,"comment_status":"open","ping_status":"closed","template":"","meta":{"_monsterinsights_skip_tracking":false,"_monsterinsights_sitenote_active":false,"_monsterinsights_sitenote_note":"","_monsterinsights_sitenote_category":0},"product_brand":[],"product_cat":[113,112,110],"product_tag":[],"class_list":{"0":"post-210274","1":"product","2":"type-product","3":"status-publish","4":"has-post-thumbnail","6":"product_cat-edition-limite","7":"product_cat-temps-libre-et-sport","8":"product_cat-textile","9":"pa_taille-l","10":"pa_taille-m","11":"pa_taille-s","12":"pa_taille-xl","13":"pa_taille-xs","14":"pa_taille-xxl","16":"first","17":"instock","18":"sale","19":"taxable","20":"shipping-taxable","21":"purchasable","22":"product-type-variable"},"yoast_head":"<!-- This site is optimized with the Yoast SEO plugin v27.3 - https:\/\/yoast.com\/product\/yoast-seo-wordpress\/ -->\n<title>Polo jubil\u00e9 125 ans &#8211; Holstein Shop Switzerland<\/title>\n<meta name=\"robots\" content=\"index, follow, max-snippet:-1, max-image-preview:large, max-video-preview:-1\" \/>\n<link rel=\"canonical\" href=\"https:\/\/shop.holstein.ch\/fr\/shop\/textile\/polo-jubile-125-ans\/\" \/>\n<meta property=\"og:locale\" content=\"fr_FR\" \/>\n<meta property=\"og:type\" content=\"article\" \/>\n<meta property=\"og:title\" content=\"Polo jubil\u00e9 125 ans &#8211; Holstein Shop Switzerland\" \/>\n<meta property=\"og:description\" content=\"Polo coton 100% BIO Fentes c\u00f4t\u00e9s avec finition int\u00e9rieure en jersey simple et \u00e9pais Couture du badge sur le coeur Broderie sur manche ton sur ton. MATI\u00c8RE PRINCIPALE: 100% COTON BIOLOGIQUE\" \/>\n<meta property=\"og:url\" content=\"https:\/\/shop.holstein.ch\/fr\/shop\/textile\/polo-jubile-125-ans\/\" \/>\n<meta property=\"og:site_name\" content=\"Holstein Shop Switzerland\" \/>\n<meta property=\"article:publisher\" content=\"https:\/\/www.facebook.com\/HolSwi\" \/>\n<meta property=\"article:modified_time\" content=\"2026-03-11T08:16:55+00:00\" \/>\n<meta property=\"og:image\" content=\"https:\/\/shop.holstein.ch\/wp-content\/uploads\/2024\/05\/2B5A5375-scaled.jpg\" \/>\n\t<meta property=\"og:image:width\" content=\"2560\" \/>\n\t<meta property=\"og:image:height\" content=\"2560\" \/>\n\t<meta property=\"og:image:type\" content=\"image\/jpeg\" \/>\n<meta name=\"twitter:card\" content=\"summary_large_image\" \/>\n<meta name=\"twitter:label1\" content=\"Dur\u00e9e de lecture estim\u00e9e\" \/>\n\t<meta name=\"twitter:data1\" content=\"1 minute\" \/>\n<script type=\"application\/ld+json\" class=\"yoast-schema-graph\">{\"@context\":\"https:\\\/\\\/schema.org\",\"@graph\":[{\"@type\":\"WebPage\",\"@id\":\"https:\\\/\\\/shop.holstein.ch\\\/fr\\\/shop\\\/textile\\\/polo-jubile-125-ans\\\/\",\"url\":\"https:\\\/\\\/shop.holstein.ch\\\/fr\\\/shop\\\/textile\\\/polo-jubile-125-ans\\\/\",\"name\":\"Polo jubil\u00e9 125 ans &#8211; Holstein Shop Switzerland\",\"isPartOf\":{\"@id\":\"https:\\\/\\\/shop.holstein.ch\\\/fr\\\/#website\"},\"primaryImageOfPage\":{\"@id\":\"https:\\\/\\\/shop.holstein.ch\\\/fr\\\/shop\\\/textile\\\/polo-jubile-125-ans\\\/#primaryimage\"},\"image\":{\"@id\":\"https:\\\/\\\/shop.holstein.ch\\\/fr\\\/shop\\\/textile\\\/polo-jubile-125-ans\\\/#primaryimage\"},\"thumbnailUrl\":\"https:\\\/\\\/shop.holstein.ch\\\/wp-content\\\/uploads\\\/2024\\\/05\\\/2B5A5375-scaled.jpg\",\"datePublished\":\"2024-05-06T11:17:17+00:00\",\"dateModified\":\"2026-03-11T08:16:55+00:00\",\"breadcrumb\":{\"@id\":\"https:\\\/\\\/shop.holstein.ch\\\/fr\\\/shop\\\/textile\\\/polo-jubile-125-ans\\\/#breadcrumb\"},\"inLanguage\":\"fr-FR\",\"potentialAction\":[{\"@type\":\"ReadAction\",\"target\":[\"https:\\\/\\\/shop.holstein.ch\\\/fr\\\/shop\\\/textile\\\/polo-jubile-125-ans\\\/\"]}]},{\"@type\":\"ImageObject\",\"inLanguage\":\"fr-FR\",\"@id\":\"https:\\\/\\\/shop.holstein.ch\\\/fr\\\/shop\\\/textile\\\/polo-jubile-125-ans\\\/#primaryimage\",\"url\":\"https:\\\/\\\/shop.holstein.ch\\\/wp-content\\\/uploads\\\/2024\\\/05\\\/2B5A5375-scaled.jpg\",\"contentUrl\":\"https:\\\/\\\/shop.holstein.ch\\\/wp-content\\\/uploads\\\/2024\\\/05\\\/2B5A5375-scaled.jpg\",\"width\":2560,\"height\":2560},{\"@type\":\"BreadcrumbList\",\"@id\":\"https:\\\/\\\/shop.holstein.ch\\\/fr\\\/shop\\\/textile\\\/polo-jubile-125-ans\\\/#breadcrumb\",\"itemListElement\":[{\"@type\":\"ListItem\",\"position\":1,\"name\":\"Holstein Shop\",\"item\":\"https:\\\/\\\/shop.holstein.ch\\\/fr\\\/\"},{\"@type\":\"ListItem\",\"position\":2,\"name\":\"Edition limit\u00e9\",\"item\":\"https:\\\/\\\/shop.holstein.ch\\\/fr\\\/categorie-produit\\\/edition-limite\\\/\"},{\"@type\":\"ListItem\",\"position\":3,\"name\":\"Polo jubil\u00e9 125 ans\"}]},{\"@type\":\"WebSite\",\"@id\":\"https:\\\/\\\/shop.holstein.ch\\\/fr\\\/#website\",\"url\":\"https:\\\/\\\/shop.holstein.ch\\\/fr\\\/\",\"name\":\"Holstein Switzerland Shop\",\"description\":\"Des articles pour prolonger votre attachement \u00e0 Holstein Switzerland\",\"publisher\":{\"@id\":\"https:\\\/\\\/shop.holstein.ch\\\/fr\\\/#organization\"},\"potentialAction\":[{\"@type\":\"SearchAction\",\"target\":{\"@type\":\"EntryPoint\",\"urlTemplate\":\"https:\\\/\\\/shop.holstein.ch\\\/fr\\\/?s={search_term_string}\"},\"query-input\":{\"@type\":\"PropertyValueSpecification\",\"valueRequired\":true,\"valueName\":\"search_term_string\"}}],\"inLanguage\":\"fr-FR\"},{\"@type\":\"Organization\",\"@id\":\"https:\\\/\\\/shop.holstein.ch\\\/fr\\\/#organization\",\"name\":\"Holstein Switzerland Shop\",\"url\":\"https:\\\/\\\/shop.holstein.ch\\\/fr\\\/\",\"logo\":{\"@type\":\"ImageObject\",\"inLanguage\":\"fr-FR\",\"@id\":\"https:\\\/\\\/shop.holstein.ch\\\/fr\\\/#\\\/schema\\\/logo\\\/image\\\/\",\"url\":\"https:\\\/\\\/shop.holstein.ch\\\/wp-content\\\/uploads\\\/2023\\\/11\\\/holstein_switzerland_logo.svg\",\"contentUrl\":\"https:\\\/\\\/shop.holstein.ch\\\/wp-content\\\/uploads\\\/2023\\\/11\\\/holstein_switzerland_logo.svg\",\"width\":591,\"height\":458,\"caption\":\"Holstein Switzerland Shop\"},\"image\":{\"@id\":\"https:\\\/\\\/shop.holstein.ch\\\/fr\\\/#\\\/schema\\\/logo\\\/image\\\/\"},\"sameAs\":[\"https:\\\/\\\/www.facebook.com\\\/HolSwi\",\"https:\\\/\\\/www.instagram.com\\\/holstein_switzerland\",\"https:\\\/\\\/www.youtube.com\\\/@holsteinswitzerland\"]}]}<\/script>\n<!-- \/ Yoast SEO plugin. -->","yoast_head_json":{"title":"Polo jubil\u00e9 125 ans &#8211; Holstein Shop Switzerland","robots":{"index":"index","follow":"follow","max-snippet":"max-snippet:-1","max-image-preview":"max-image-preview:large","max-video-preview":"max-video-preview:-1"},"canonical":"https:\/\/shop.holstein.ch\/fr\/shop\/textile\/polo-jubile-125-ans\/","og_locale":"fr_FR","og_type":"article","og_title":"Polo jubil\u00e9 125 ans &#8211; Holstein Shop Switzerland","og_description":"Polo coton 100% BIO Fentes c\u00f4t\u00e9s avec finition int\u00e9rieure en jersey simple et \u00e9pais Couture du badge sur le coeur Broderie sur manche ton sur ton. MATI\u00c8RE PRINCIPALE: 100% COTON BIOLOGIQUE","og_url":"https:\/\/shop.holstein.ch\/fr\/shop\/textile\/polo-jubile-125-ans\/","og_site_name":"Holstein Shop Switzerland","article_publisher":"https:\/\/www.facebook.com\/HolSwi","article_modified_time":"2026-03-11T08:16:55+00:00","og_image":[{"width":2560,"height":2560,"url":"https:\/\/shop.holstein.ch\/wp-content\/uploads\/2024\/05\/2B5A5375-scaled.jpg","type":"image\/jpeg"}],"twitter_card":"summary_large_image","twitter_misc":{"Dur\u00e9e de lecture estim\u00e9e":"1 minute"},"schema":{"@context":"https:\/\/schema.org","@graph":[{"@type":"WebPage","@id":"https:\/\/shop.holstein.ch\/fr\/shop\/textile\/polo-jubile-125-ans\/","url":"https:\/\/shop.holstein.ch\/fr\/shop\/textile\/polo-jubile-125-ans\/","name":"Polo jubil\u00e9 125 ans &#8211; Holstein Shop Switzerland","isPartOf":{"@id":"https:\/\/shop.holstein.ch\/fr\/#website"},"primaryImageOfPage":{"@id":"https:\/\/shop.holstein.ch\/fr\/shop\/textile\/polo-jubile-125-ans\/#primaryimage"},"image":{"@id":"https:\/\/shop.holstein.ch\/fr\/shop\/textile\/polo-jubile-125-ans\/#primaryimage"},"thumbnailUrl":"https:\/\/shop.holstein.ch\/wp-content\/uploads\/2024\/05\/2B5A5375-scaled.jpg","datePublished":"2024-05-06T11:17:17+00:00","dateModified":"2026-03-11T08:16:55+00:00","breadcrumb":{"@id":"https:\/\/shop.holstein.ch\/fr\/shop\/textile\/polo-jubile-125-ans\/#breadcrumb"},"inLanguage":"fr-FR","potentialAction":[{"@type":"ReadAction","target":["https:\/\/shop.holstein.ch\/fr\/shop\/textile\/polo-jubile-125-ans\/"]}]},{"@type":"ImageObject","inLanguage":"fr-FR","@id":"https:\/\/shop.holstein.ch\/fr\/shop\/textile\/polo-jubile-125-ans\/#primaryimage","url":"https:\/\/shop.holstein.ch\/wp-content\/uploads\/2024\/05\/2B5A5375-scaled.jpg","contentUrl":"https:\/\/shop.holstein.ch\/wp-content\/uploads\/2024\/05\/2B5A5375-scaled.jpg","width":2560,"height":2560},{"@type":"BreadcrumbList","@id":"https:\/\/shop.holstein.ch\/fr\/shop\/textile\/polo-jubile-125-ans\/#breadcrumb","itemListElement":[{"@type":"ListItem","position":1,"name":"Holstein Shop","item":"https:\/\/shop.holstein.ch\/fr\/"},{"@type":"ListItem","position":2,"name":"Edition limit\u00e9","item":"https:\/\/shop.holstein.ch\/fr\/categorie-produit\/edition-limite\/"},{"@type":"ListItem","position":3,"name":"Polo jubil\u00e9 125 ans"}]},{"@type":"WebSite","@id":"https:\/\/shop.holstein.ch\/fr\/#website","url":"https:\/\/shop.holstein.ch\/fr\/","name":"Holstein Switzerland Shop","description":"Des articles pour prolonger votre attachement \u00e0 Holstein Switzerland","publisher":{"@id":"https:\/\/shop.holstein.ch\/fr\/#organization"},"potentialAction":[{"@type":"SearchAction","target":{"@type":"EntryPoint","urlTemplate":"https:\/\/shop.holstein.ch\/fr\/?s={search_term_string}"},"query-input":{"@type":"PropertyValueSpecification","valueRequired":true,"valueName":"search_term_string"}}],"inLanguage":"fr-FR"},{"@type":"Organization","@id":"https:\/\/shop.holstein.ch\/fr\/#organization","name":"Holstein Switzerland Shop","url":"https:\/\/shop.holstein.ch\/fr\/","logo":{"@type":"ImageObject","inLanguage":"fr-FR","@id":"https:\/\/shop.holstein.ch\/fr\/#\/schema\/logo\/image\/","url":"https:\/\/shop.holstein.ch\/wp-content\/uploads\/2023\/11\/holstein_switzerland_logo.svg","contentUrl":"https:\/\/shop.holstein.ch\/wp-content\/uploads\/2023\/11\/holstein_switzerland_logo.svg","width":591,"height":458,"caption":"Holstein Switzerland Shop"},"image":{"@id":"https:\/\/shop.holstein.ch\/fr\/#\/schema\/logo\/image\/"},"sameAs":["https:\/\/www.facebook.com\/HolSwi","https:\/\/www.instagram.com\/holstein_switzerland","https:\/\/www.youtube.com\/@holsteinswitzerland"]}]}},"_links":{"self":[{"href":"https:\/\/shop.holstein.ch\/fr\/wp-json\/wp\/v2\/product\/210274","targetHints":{"allow":["GET"]}}],"collection":[{"href":"https:\/\/shop.holstein.ch\/fr\/wp-json\/wp\/v2\/product"}],"about":[{"href":"https:\/\/shop.holstein.ch\/fr\/wp-json\/wp\/v2\/types\/product"}],"replies":[{"embeddable":true,"href":"https:\/\/shop.holstein.ch\/fr\/wp-json\/wp\/v2\/comments?post=210274"}],"wp:featuredmedia":[{"embeddable":true,"href":"https:\/\/shop.holstein.ch\/fr\/wp-json\/wp\/v2\/media\/210288"}],"wp:attachment":[{"href":"https:\/\/shop.holstein.ch\/fr\/wp-json\/wp\/v2\/media?parent=210274"}],"wp:term":[{"taxonomy":"product_brand","embeddable":true,"href":"https:\/\/shop.holstein.ch\/fr\/wp-json\/wp\/v2\/product_brand?post=210274"},{"taxonomy":"product_cat","embeddable":true,"href":"https:\/\/shop.holstein.ch\/fr\/wp-json\/wp\/v2\/product_cat?post=210274"},{"taxonomy":"product_tag","embeddable":true,"href":"https:\/\/shop.holstein.ch\/fr\/wp-json\/wp\/v2\/product_tag?post=210274"}],"curies":[{"name":"wp","href":"https:\/\/api.w.org\/{rel}","templated":true}]}}