{"id":13792,"date":"2020-02-20T10:37:11","date_gmt":"2020-02-20T09:37:11","guid":{"rendered":"https:\/\/www.holstein.ch\/?post_type=product&#038;p=13792"},"modified":"2026-03-28T15:58:14","modified_gmt":"2026-03-28T14:58:14","slug":"couteau-suisse-victorinox","status":"publish","type":"product","link":"https:\/\/shop.holstein.ch\/fr\/shop\/goodies\/couteau-suisse-victorinox\/","title":{"rendered":"Couteau suisse &#8211; Victorinox"},"content":{"rendered":"","protected":false},"excerpt":{"rendered":"<p><strong>Couteau de poche de taille moyenne avec c\u00f4tes en bois \u00e9l\u00e9gantes<\/strong><\/p>\n<p>Accepter le changement, explorer de nouveaux horizons, progresser chaque jour&#8230; C\u2019est l\u2019esprit de la collection Evolution de Victorinox. Avec le mod\u00e8le Wood 10, nous vous fournissons 11 fonctions pratiques prot\u00e9g\u00e9es par d&rsquo;\u00e9l\u00e9gantes c\u00f4tes en bois, portant au recto le logo Victorinox et notre ch\u00e8re vache holstein et au verso le logo de notre coop\u00e9rative. O\u00f9 que vous vous rendiez, ce couteau de poche vous suivra.<\/p>\n<p><strong>Outils :<\/strong><br \/>\n1 anneau, 2 grande lame, 3 lime \u00e0 ongles, 4 cure-ongles, 5 tire-bouchon, 6 d\u00e9capsuleur, 7 tournevis 5 mm, 8 d\u00e9nudeur de fils \u00e9lectriques, 9 ouvre-bo\u00eetes, 10 tournevis 3 mm, 11 poin\u00e7on al\u00e9soir<\/p>\n<p><strong>Dimensions :<\/strong><br \/>\nHauteur : 17.5 mm, Poids net : 54 g<\/p>\n<p><strong>D\u00e9tails :<\/strong><br \/>\nmat\u00e9riau des c\u00f4tes : bois de noyer, Mesure : 85 mm, Lame blocable : Non, Lame \u00e0 une main: Non<\/p>\n","protected":false},"featured_media":13794,"comment_status":"open","ping_status":"closed","template":"","meta":{"_monsterinsights_skip_tracking":false,"_monsterinsights_sitenote_active":false,"_monsterinsights_sitenote_note":"","_monsterinsights_sitenote_category":0},"product_brand":[],"product_cat":[113,15,112,111],"product_tag":[],"class_list":{"0":"post-13792","1":"product","2":"type-product","3":"status-publish","4":"has-post-thumbnail","6":"product_cat-edition-limite","7":"product_cat-goodies","8":"product_cat-temps-libre-et-sport","9":"product_cat-travail-a-la-ferme","11":"first","12":"instock","13":"taxable","14":"shipping-taxable","15":"purchasable","16":"product-type-simple"},"yoast_head":"<!-- This site is optimized with the Yoast SEO plugin v27.3 - https:\/\/yoast.com\/product\/yoast-seo-wordpress\/ -->\n<title>Couteau suisse - Victorinox &#8211; Holstein Shop Switzerland<\/title>\n<meta name=\"robots\" content=\"index, follow, max-snippet:-1, max-image-preview:large, max-video-preview:-1\" \/>\n<link rel=\"canonical\" href=\"https:\/\/shop.holstein.ch\/fr\/shop\/goodies\/couteau-suisse-victorinox\/\" \/>\n<meta property=\"og:locale\" content=\"fr_FR\" \/>\n<meta property=\"og:type\" content=\"article\" \/>\n<meta property=\"og:title\" content=\"Couteau suisse - Victorinox &#8211; Holstein Shop Switzerland\" \/>\n<meta property=\"og:description\" content=\"Couteau de poche de taille moyenne avec c\u00f4tes en bois \u00e9l\u00e9gantes  Accepter le changement, explorer de nouveaux horizons, progresser chaque jour... C\u2019est l\u2019esprit de la collection Evolution de Victorinox. Avec le mod\u00e8le Wood 10, nous vous fournissons 11 fonctions pratiques prot\u00e9g\u00e9es par d&#039;\u00e9l\u00e9gantes c\u00f4tes en bois, portant au recto le logo Victorinox et notre ch\u00e8re vache holstein et au verso le logo de notre coop\u00e9rative. O\u00f9 que vous vous rendiez, ce couteau de poche vous suivra.  Outils : 1 anneau, 2 grande lame, 3 lime \u00e0 ongles, 4 cure-ongles, 5 tire-bouchon, 6 d\u00e9capsuleur, 7 tournevis 5 mm, 8 d\u00e9nudeur de fils \u00e9lectriques, 9 ouvre-bo\u00eetes, 10 tournevis 3 mm, 11 poin\u00e7on al\u00e9soir  Dimensions : Hauteur : 17.5 mm, Poids net : 54 g  D\u00e9tails : mat\u00e9riau des c\u00f4tes : bois de noyer, Mesure : 85 mm, Lame blocable : Non, Lame \u00e0 une main: Non\" \/>\n<meta property=\"og:url\" content=\"https:\/\/shop.holstein.ch\/fr\/shop\/goodies\/couteau-suisse-victorinox\/\" \/>\n<meta property=\"og:site_name\" content=\"Holstein Shop Switzerland\" \/>\n<meta property=\"article:publisher\" content=\"https:\/\/www.facebook.com\/HolSwi\" \/>\n<meta property=\"article:modified_time\" content=\"2026-03-28T14:58:14+00:00\" \/>\n<meta property=\"og:image\" content=\"https:\/\/shop.holstein.ch\/wp-content\/uploads\/couteau_HOS-scaled.jpg\" \/>\n\t<meta property=\"og:image:width\" content=\"2560\" \/>\n\t<meta property=\"og:image:height\" content=\"1707\" \/>\n\t<meta property=\"og:image:type\" content=\"image\/jpeg\" \/>\n<meta name=\"twitter:card\" content=\"summary_large_image\" \/>\n<meta name=\"twitter:label1\" content=\"Dur\u00e9e de lecture estim\u00e9e\" \/>\n\t<meta name=\"twitter:data1\" content=\"1 minute\" \/>\n<script type=\"application\/ld+json\" class=\"yoast-schema-graph\">{\"@context\":\"https:\\\/\\\/schema.org\",\"@graph\":[{\"@type\":\"WebPage\",\"@id\":\"https:\\\/\\\/shop.holstein.ch\\\/fr\\\/shop\\\/goodies\\\/couteau-suisse-victorinox\\\/\",\"url\":\"https:\\\/\\\/shop.holstein.ch\\\/fr\\\/shop\\\/goodies\\\/couteau-suisse-victorinox\\\/\",\"name\":\"Couteau suisse - Victorinox &#8211; Holstein Shop Switzerland\",\"isPartOf\":{\"@id\":\"https:\\\/\\\/shop.holstein.ch\\\/fr\\\/#website\"},\"primaryImageOfPage\":{\"@id\":\"https:\\\/\\\/shop.holstein.ch\\\/fr\\\/shop\\\/goodies\\\/couteau-suisse-victorinox\\\/#primaryimage\"},\"image\":{\"@id\":\"https:\\\/\\\/shop.holstein.ch\\\/fr\\\/shop\\\/goodies\\\/couteau-suisse-victorinox\\\/#primaryimage\"},\"thumbnailUrl\":\"https:\\\/\\\/shop.holstein.ch\\\/wp-content\\\/uploads\\\/couteau_HOS-scaled.jpg\",\"datePublished\":\"2020-02-20T09:37:11+00:00\",\"dateModified\":\"2026-03-28T14:58:14+00:00\",\"breadcrumb\":{\"@id\":\"https:\\\/\\\/shop.holstein.ch\\\/fr\\\/shop\\\/goodies\\\/couteau-suisse-victorinox\\\/#breadcrumb\"},\"inLanguage\":\"fr-FR\",\"potentialAction\":[{\"@type\":\"ReadAction\",\"target\":[\"https:\\\/\\\/shop.holstein.ch\\\/fr\\\/shop\\\/goodies\\\/couteau-suisse-victorinox\\\/\"]}]},{\"@type\":\"ImageObject\",\"inLanguage\":\"fr-FR\",\"@id\":\"https:\\\/\\\/shop.holstein.ch\\\/fr\\\/shop\\\/goodies\\\/couteau-suisse-victorinox\\\/#primaryimage\",\"url\":\"https:\\\/\\\/shop.holstein.ch\\\/wp-content\\\/uploads\\\/couteau_HOS-scaled.jpg\",\"contentUrl\":\"https:\\\/\\\/shop.holstein.ch\\\/wp-content\\\/uploads\\\/couteau_HOS-scaled.jpg\",\"width\":2560,\"height\":1707},{\"@type\":\"BreadcrumbList\",\"@id\":\"https:\\\/\\\/shop.holstein.ch\\\/fr\\\/shop\\\/goodies\\\/couteau-suisse-victorinox\\\/#breadcrumb\",\"itemListElement\":[{\"@type\":\"ListItem\",\"position\":1,\"name\":\"Holstein Shop\",\"item\":\"https:\\\/\\\/shop.holstein.ch\\\/fr\\\/\"},{\"@type\":\"ListItem\",\"position\":2,\"name\":\"Goodies\",\"item\":\"https:\\\/\\\/shop.holstein.ch\\\/fr\\\/categorie-produit\\\/goodies\\\/\"},{\"@type\":\"ListItem\",\"position\":3,\"name\":\"Couteau suisse &#8211; Victorinox\"}]},{\"@type\":\"WebSite\",\"@id\":\"https:\\\/\\\/shop.holstein.ch\\\/fr\\\/#website\",\"url\":\"https:\\\/\\\/shop.holstein.ch\\\/fr\\\/\",\"name\":\"Holstein Switzerland Shop\",\"description\":\"Des articles pour prolonger votre attachement \u00e0 Holstein Switzerland\",\"publisher\":{\"@id\":\"https:\\\/\\\/shop.holstein.ch\\\/fr\\\/#organization\"},\"potentialAction\":[{\"@type\":\"SearchAction\",\"target\":{\"@type\":\"EntryPoint\",\"urlTemplate\":\"https:\\\/\\\/shop.holstein.ch\\\/fr\\\/?s={search_term_string}\"},\"query-input\":{\"@type\":\"PropertyValueSpecification\",\"valueRequired\":true,\"valueName\":\"search_term_string\"}}],\"inLanguage\":\"fr-FR\"},{\"@type\":\"Organization\",\"@id\":\"https:\\\/\\\/shop.holstein.ch\\\/fr\\\/#organization\",\"name\":\"Holstein Switzerland Shop\",\"url\":\"https:\\\/\\\/shop.holstein.ch\\\/fr\\\/\",\"logo\":{\"@type\":\"ImageObject\",\"inLanguage\":\"fr-FR\",\"@id\":\"https:\\\/\\\/shop.holstein.ch\\\/fr\\\/#\\\/schema\\\/logo\\\/image\\\/\",\"url\":\"https:\\\/\\\/shop.holstein.ch\\\/wp-content\\\/uploads\\\/2023\\\/11\\\/holstein_switzerland_logo.svg\",\"contentUrl\":\"https:\\\/\\\/shop.holstein.ch\\\/wp-content\\\/uploads\\\/2023\\\/11\\\/holstein_switzerland_logo.svg\",\"width\":591,\"height\":458,\"caption\":\"Holstein Switzerland Shop\"},\"image\":{\"@id\":\"https:\\\/\\\/shop.holstein.ch\\\/fr\\\/#\\\/schema\\\/logo\\\/image\\\/\"},\"sameAs\":[\"https:\\\/\\\/www.facebook.com\\\/HolSwi\",\"https:\\\/\\\/www.instagram.com\\\/holstein_switzerland\",\"https:\\\/\\\/www.youtube.com\\\/@holsteinswitzerland\"]}]}<\/script>\n<!-- \/ Yoast SEO plugin. -->","yoast_head_json":{"title":"Couteau suisse - Victorinox &#8211; Holstein Shop Switzerland","robots":{"index":"index","follow":"follow","max-snippet":"max-snippet:-1","max-image-preview":"max-image-preview:large","max-video-preview":"max-video-preview:-1"},"canonical":"https:\/\/shop.holstein.ch\/fr\/shop\/goodies\/couteau-suisse-victorinox\/","og_locale":"fr_FR","og_type":"article","og_title":"Couteau suisse - Victorinox &#8211; Holstein Shop Switzerland","og_description":"Couteau de poche de taille moyenne avec c\u00f4tes en bois \u00e9l\u00e9gantes  Accepter le changement, explorer de nouveaux horizons, progresser chaque jour... C\u2019est l\u2019esprit de la collection Evolution de Victorinox. Avec le mod\u00e8le Wood 10, nous vous fournissons 11 fonctions pratiques prot\u00e9g\u00e9es par d'\u00e9l\u00e9gantes c\u00f4tes en bois, portant au recto le logo Victorinox et notre ch\u00e8re vache holstein et au verso le logo de notre coop\u00e9rative. O\u00f9 que vous vous rendiez, ce couteau de poche vous suivra.  Outils : 1 anneau, 2 grande lame, 3 lime \u00e0 ongles, 4 cure-ongles, 5 tire-bouchon, 6 d\u00e9capsuleur, 7 tournevis 5 mm, 8 d\u00e9nudeur de fils \u00e9lectriques, 9 ouvre-bo\u00eetes, 10 tournevis 3 mm, 11 poin\u00e7on al\u00e9soir  Dimensions : Hauteur : 17.5 mm, Poids net : 54 g  D\u00e9tails : mat\u00e9riau des c\u00f4tes : bois de noyer, Mesure : 85 mm, Lame blocable : Non, Lame \u00e0 une main: Non","og_url":"https:\/\/shop.holstein.ch\/fr\/shop\/goodies\/couteau-suisse-victorinox\/","og_site_name":"Holstein Shop Switzerland","article_publisher":"https:\/\/www.facebook.com\/HolSwi","article_modified_time":"2026-03-28T14:58:14+00:00","og_image":[{"width":2560,"height":1707,"url":"https:\/\/shop.holstein.ch\/wp-content\/uploads\/couteau_HOS-scaled.jpg","type":"image\/jpeg"}],"twitter_card":"summary_large_image","twitter_misc":{"Dur\u00e9e de lecture estim\u00e9e":"1 minute"},"schema":{"@context":"https:\/\/schema.org","@graph":[{"@type":"WebPage","@id":"https:\/\/shop.holstein.ch\/fr\/shop\/goodies\/couteau-suisse-victorinox\/","url":"https:\/\/shop.holstein.ch\/fr\/shop\/goodies\/couteau-suisse-victorinox\/","name":"Couteau suisse - Victorinox &#8211; Holstein Shop Switzerland","isPartOf":{"@id":"https:\/\/shop.holstein.ch\/fr\/#website"},"primaryImageOfPage":{"@id":"https:\/\/shop.holstein.ch\/fr\/shop\/goodies\/couteau-suisse-victorinox\/#primaryimage"},"image":{"@id":"https:\/\/shop.holstein.ch\/fr\/shop\/goodies\/couteau-suisse-victorinox\/#primaryimage"},"thumbnailUrl":"https:\/\/shop.holstein.ch\/wp-content\/uploads\/couteau_HOS-scaled.jpg","datePublished":"2020-02-20T09:37:11+00:00","dateModified":"2026-03-28T14:58:14+00:00","breadcrumb":{"@id":"https:\/\/shop.holstein.ch\/fr\/shop\/goodies\/couteau-suisse-victorinox\/#breadcrumb"},"inLanguage":"fr-FR","potentialAction":[{"@type":"ReadAction","target":["https:\/\/shop.holstein.ch\/fr\/shop\/goodies\/couteau-suisse-victorinox\/"]}]},{"@type":"ImageObject","inLanguage":"fr-FR","@id":"https:\/\/shop.holstein.ch\/fr\/shop\/goodies\/couteau-suisse-victorinox\/#primaryimage","url":"https:\/\/shop.holstein.ch\/wp-content\/uploads\/couteau_HOS-scaled.jpg","contentUrl":"https:\/\/shop.holstein.ch\/wp-content\/uploads\/couteau_HOS-scaled.jpg","width":2560,"height":1707},{"@type":"BreadcrumbList","@id":"https:\/\/shop.holstein.ch\/fr\/shop\/goodies\/couteau-suisse-victorinox\/#breadcrumb","itemListElement":[{"@type":"ListItem","position":1,"name":"Holstein Shop","item":"https:\/\/shop.holstein.ch\/fr\/"},{"@type":"ListItem","position":2,"name":"Goodies","item":"https:\/\/shop.holstein.ch\/fr\/categorie-produit\/goodies\/"},{"@type":"ListItem","position":3,"name":"Couteau suisse &#8211; Victorinox"}]},{"@type":"WebSite","@id":"https:\/\/shop.holstein.ch\/fr\/#website","url":"https:\/\/shop.holstein.ch\/fr\/","name":"Holstein Switzerland Shop","description":"Des articles pour prolonger votre attachement \u00e0 Holstein Switzerland","publisher":{"@id":"https:\/\/shop.holstein.ch\/fr\/#organization"},"potentialAction":[{"@type":"SearchAction","target":{"@type":"EntryPoint","urlTemplate":"https:\/\/shop.holstein.ch\/fr\/?s={search_term_string}"},"query-input":{"@type":"PropertyValueSpecification","valueRequired":true,"valueName":"search_term_string"}}],"inLanguage":"fr-FR"},{"@type":"Organization","@id":"https:\/\/shop.holstein.ch\/fr\/#organization","name":"Holstein Switzerland Shop","url":"https:\/\/shop.holstein.ch\/fr\/","logo":{"@type":"ImageObject","inLanguage":"fr-FR","@id":"https:\/\/shop.holstein.ch\/fr\/#\/schema\/logo\/image\/","url":"https:\/\/shop.holstein.ch\/wp-content\/uploads\/2023\/11\/holstein_switzerland_logo.svg","contentUrl":"https:\/\/shop.holstein.ch\/wp-content\/uploads\/2023\/11\/holstein_switzerland_logo.svg","width":591,"height":458,"caption":"Holstein Switzerland Shop"},"image":{"@id":"https:\/\/shop.holstein.ch\/fr\/#\/schema\/logo\/image\/"},"sameAs":["https:\/\/www.facebook.com\/HolSwi","https:\/\/www.instagram.com\/holstein_switzerland","https:\/\/www.youtube.com\/@holsteinswitzerland"]}]}},"_links":{"self":[{"href":"https:\/\/shop.holstein.ch\/fr\/wp-json\/wp\/v2\/product\/13792","targetHints":{"allow":["GET"]}}],"collection":[{"href":"https:\/\/shop.holstein.ch\/fr\/wp-json\/wp\/v2\/product"}],"about":[{"href":"https:\/\/shop.holstein.ch\/fr\/wp-json\/wp\/v2\/types\/product"}],"replies":[{"embeddable":true,"href":"https:\/\/shop.holstein.ch\/fr\/wp-json\/wp\/v2\/comments?post=13792"}],"wp:featuredmedia":[{"embeddable":true,"href":"https:\/\/shop.holstein.ch\/fr\/wp-json\/wp\/v2\/media\/13794"}],"wp:attachment":[{"href":"https:\/\/shop.holstein.ch\/fr\/wp-json\/wp\/v2\/media?parent=13792"}],"wp:term":[{"taxonomy":"product_brand","embeddable":true,"href":"https:\/\/shop.holstein.ch\/fr\/wp-json\/wp\/v2\/product_brand?post=13792"},{"taxonomy":"product_cat","embeddable":true,"href":"https:\/\/shop.holstein.ch\/fr\/wp-json\/wp\/v2\/product_cat?post=13792"},{"taxonomy":"product_tag","embeddable":true,"href":"https:\/\/shop.holstein.ch\/fr\/wp-json\/wp\/v2\/product_tag?post=13792"}],"curies":[{"name":"wp","href":"https:\/\/api.w.org\/{rel}","templated":true}]}}