{"id":22599,"date":"2020-02-20T10:37:11","date_gmt":"2020-02-20T09:37:11","guid":{"rendered":"https:\/\/u91g9begmy.preview.infomaniak.website\/boutique\/unkategorisiert\/schweizer-taschenmesser-victorinox\/"},"modified":"2025-10-21T19:55:49","modified_gmt":"2025-10-21T17:55:49","slug":"schweizer-taschenmesser-victorinox","status":"publish","type":"product","link":"https:\/\/shop.holstein.ch\/de\/shop\/freizeit-und-sport\/schweizer-taschenmesser-victorinox\/","title":{"rendered":"Schweizer Taschenmesser Victorinox"},"content":{"rendered":"","protected":false},"excerpt":{"rendered":"<p><strong>Mittleres Taschenmesser mit eleganten Holz-Schalen<\/strong><\/p>\n<p>Seien Sie bereit f\u00fcr Ver\u00e4nderungen, erforschen Sie neue Horizonte und machen Sie jeden Tag Fortschritte. Genau das sind die Ideen der Evolution Kollektion. Das Evolution Wood 10 verf\u00fcgt \u00fcber 11 praktische Funktionen zwischen zwei eleganten Holz-Schalen mit eingraviertem Victorinox und Holstein Switerland Logos. Wohin Sie Ihr Weg auch f\u00fchrt, dieses Taschenmesser wird Sie \u00fcberall hin begleiten.<\/p>\n<p><strong>Werkzeuge :<\/strong><br \/>\n1 Ring, 2 grosse Klinge, 3 Nagelfeile, 4 Nagelreiniger, 5 Korkenzieher, 6 Kapselheber, 7 Schraubendreher 5 mm, 8 Drahtabisolierer, 9 Dosen\u00f6ffner, 10 Schraubendreher 3 mm, 11 Stech-Bohr-N\u00e4hahle.<\/p>\n<p><strong>Abmessungen :<\/strong><br \/>\nH\u00f6he : 17.5 mm, Nettogewicht : 54 g<\/p>\n<p><strong>Details :<\/strong><br \/>\nSchalenmaterial :Nussbaumholz, Gr\u00f6sse : 85 mm, Feststellklinge : Nein, Einhandklinge : Nein.<\/p>\n","protected":false},"featured_media":21999,"comment_status":"open","ping_status":"closed","template":"","meta":{"_monsterinsights_skip_tracking":false,"_monsterinsights_sitenote_active":false,"_monsterinsights_sitenote_note":"","_monsterinsights_sitenote_category":0},"product_brand":[],"product_cat":[595,592,593,594],"product_tag":[],"class_list":{"0":"post-22599","1":"product","2":"type-product","3":"status-publish","4":"has-post-thumbnail","6":"product_cat-arbeite-auf-der-farm","7":"product_cat-freizeit-und-sport","8":"product_cat-goodies","9":"product_cat-limitierte-auflage","11":"first","12":"instock","13":"taxable","14":"shipping-taxable","15":"purchasable","16":"product-type-simple"},"yoast_head":"<!-- This site is optimized with the Yoast SEO plugin v27.3 - https:\/\/yoast.com\/product\/yoast-seo-wordpress\/ -->\n<title>Schweizer Taschenmesser Victorinox &#8211; Holstein Shop Switzerland<\/title>\n<meta name=\"robots\" content=\"index, follow, max-snippet:-1, max-image-preview:large, max-video-preview:-1\" \/>\n<link rel=\"canonical\" href=\"https:\/\/shop.holstein.ch\/de\/shop\/freizeit-und-sport\/schweizer-taschenmesser-victorinox\/\" \/>\n<meta property=\"og:locale\" content=\"de_DE\" \/>\n<meta property=\"og:type\" content=\"article\" \/>\n<meta property=\"og:title\" content=\"Schweizer Taschenmesser Victorinox &#8211; Holstein Shop Switzerland\" \/>\n<meta property=\"og:description\" content=\"Mittleres Taschenmesser mit eleganten Holz-Schalen Seien Sie bereit f\u00fcr Ver\u00e4nderungen, erforschen Sie neue Horizonte und machen Sie jeden Tag Fortschritte. Genau das sind die Ideen der Evolution Kollektion. Das Evolution Wood 10 verf\u00fcgt \u00fcber 11 praktische Funktionen zwischen zwei eleganten Holz-Schalen mit eingraviertem Victorinox und Holstein Switerland Logos. Wohin Sie Ihr Weg auch f\u00fchrt, dieses Taschenmesser wird Sie \u00fcberall hin begleiten. Werkzeuge : 1 Ring, 2 grosse Klinge, 3 Nagelfeile, 4 Nagelreiniger, 5 Korkenzieher, 6 Kapselheber, 7 Schraubendreher 5 mm, 8 Drahtabisolierer, 9 Dosen\u00f6ffner, 10 Schraubendreher 3 mm, 11 Stech-Bohr-N\u00e4hahle. Abmessungen : H\u00f6he : 17.5 mm, Nettogewicht : 54 g Details : Schalenmaterial :Nussbaumholz, Gr\u00f6sse : 85 mm, Feststellklinge : Nein, Einhandklinge : Nein.\" \/>\n<meta property=\"og:url\" content=\"https:\/\/shop.holstein.ch\/de\/shop\/freizeit-und-sport\/schweizer-taschenmesser-victorinox\/\" \/>\n<meta property=\"og:site_name\" content=\"Holstein Shop Switzerland\" \/>\n<meta property=\"article:publisher\" content=\"https:\/\/www.facebook.com\/HolSwi\" \/>\n<meta property=\"article:modified_time\" content=\"2025-10-21T17:55:49+00:00\" \/>\n<meta property=\"og:image\" content=\"https:\/\/shop.holstein.ch\/wp-content\/uploads\/couteau_HOS-scaled.jpg\" \/>\n\t<meta property=\"og:image:width\" content=\"2560\" \/>\n\t<meta property=\"og:image:height\" content=\"1707\" \/>\n\t<meta property=\"og:image:type\" content=\"image\/jpeg\" \/>\n<meta name=\"twitter:card\" content=\"summary_large_image\" \/>\n<script type=\"application\/ld+json\" class=\"yoast-schema-graph\">{\"@context\":\"https:\\\/\\\/schema.org\",\"@graph\":[{\"@type\":\"WebPage\",\"@id\":\"https:\\\/\\\/shop.holstein.ch\\\/de\\\/shop\\\/freizeit-und-sport\\\/schweizer-taschenmesser-victorinox\\\/\",\"url\":\"https:\\\/\\\/shop.holstein.ch\\\/de\\\/shop\\\/freizeit-und-sport\\\/schweizer-taschenmesser-victorinox\\\/\",\"name\":\"Schweizer Taschenmesser Victorinox &#8211; Holstein Shop Switzerland\",\"isPartOf\":{\"@id\":\"https:\\\/\\\/shop.holstein.ch\\\/fr\\\/#website\"},\"primaryImageOfPage\":{\"@id\":\"https:\\\/\\\/shop.holstein.ch\\\/de\\\/shop\\\/freizeit-und-sport\\\/schweizer-taschenmesser-victorinox\\\/#primaryimage\"},\"image\":{\"@id\":\"https:\\\/\\\/shop.holstein.ch\\\/de\\\/shop\\\/freizeit-und-sport\\\/schweizer-taschenmesser-victorinox\\\/#primaryimage\"},\"thumbnailUrl\":\"https:\\\/\\\/shop.holstein.ch\\\/wp-content\\\/uploads\\\/couteau_HOS-scaled.jpg\",\"datePublished\":\"2020-02-20T09:37:11+00:00\",\"dateModified\":\"2025-10-21T17:55:49+00:00\",\"breadcrumb\":{\"@id\":\"https:\\\/\\\/shop.holstein.ch\\\/de\\\/shop\\\/freizeit-und-sport\\\/schweizer-taschenmesser-victorinox\\\/#breadcrumb\"},\"inLanguage\":\"de\",\"potentialAction\":[{\"@type\":\"ReadAction\",\"target\":[\"https:\\\/\\\/shop.holstein.ch\\\/de\\\/shop\\\/freizeit-und-sport\\\/schweizer-taschenmesser-victorinox\\\/\"]}]},{\"@type\":\"ImageObject\",\"inLanguage\":\"de\",\"@id\":\"https:\\\/\\\/shop.holstein.ch\\\/de\\\/shop\\\/freizeit-und-sport\\\/schweizer-taschenmesser-victorinox\\\/#primaryimage\",\"url\":\"https:\\\/\\\/shop.holstein.ch\\\/wp-content\\\/uploads\\\/couteau_HOS-scaled.jpg\",\"contentUrl\":\"https:\\\/\\\/shop.holstein.ch\\\/wp-content\\\/uploads\\\/couteau_HOS-scaled.jpg\",\"width\":2560,\"height\":1707},{\"@type\":\"BreadcrumbList\",\"@id\":\"https:\\\/\\\/shop.holstein.ch\\\/de\\\/shop\\\/freizeit-und-sport\\\/schweizer-taschenmesser-victorinox\\\/#breadcrumb\",\"itemListElement\":[{\"@type\":\"ListItem\",\"position\":1,\"name\":\"Holstein Shop\",\"item\":\"https:\\\/\\\/shop.holstein.ch\\\/de\\\/\"},{\"@type\":\"ListItem\",\"position\":2,\"name\":\"Arbeite auf der Farm\",\"item\":\"https:\\\/\\\/shop.holstein.ch\\\/de\\\/categorie-produit\\\/arbeite-auf-der-farm\\\/\"},{\"@type\":\"ListItem\",\"position\":3,\"name\":\"Schweizer Taschenmesser Victorinox\"}]},{\"@type\":\"WebSite\",\"@id\":\"https:\\\/\\\/shop.holstein.ch\\\/fr\\\/#website\",\"url\":\"https:\\\/\\\/shop.holstein.ch\\\/fr\\\/\",\"name\":\"Holstein Switzerland Shop\",\"description\":\"Des articles pour prolonger votre attachement \u00e0 Holstein Switzerland\",\"publisher\":{\"@id\":\"https:\\\/\\\/shop.holstein.ch\\\/fr\\\/#organization\"},\"potentialAction\":[{\"@type\":\"SearchAction\",\"target\":{\"@type\":\"EntryPoint\",\"urlTemplate\":\"https:\\\/\\\/shop.holstein.ch\\\/fr\\\/?s={search_term_string}\"},\"query-input\":{\"@type\":\"PropertyValueSpecification\",\"valueRequired\":true,\"valueName\":\"search_term_string\"}}],\"inLanguage\":\"de\"},{\"@type\":\"Organization\",\"@id\":\"https:\\\/\\\/shop.holstein.ch\\\/fr\\\/#organization\",\"name\":\"Holstein Switzerland Shop\",\"url\":\"https:\\\/\\\/shop.holstein.ch\\\/fr\\\/\",\"logo\":{\"@type\":\"ImageObject\",\"inLanguage\":\"de\",\"@id\":\"https:\\\/\\\/shop.holstein.ch\\\/fr\\\/#\\\/schema\\\/logo\\\/image\\\/\",\"url\":\"https:\\\/\\\/shop.holstein.ch\\\/wp-content\\\/uploads\\\/2023\\\/11\\\/holstein_switzerland_logo.svg\",\"contentUrl\":\"https:\\\/\\\/shop.holstein.ch\\\/wp-content\\\/uploads\\\/2023\\\/11\\\/holstein_switzerland_logo.svg\",\"width\":591,\"height\":458,\"caption\":\"Holstein Switzerland Shop\"},\"image\":{\"@id\":\"https:\\\/\\\/shop.holstein.ch\\\/fr\\\/#\\\/schema\\\/logo\\\/image\\\/\"},\"sameAs\":[\"https:\\\/\\\/www.facebook.com\\\/HolSwi\",\"https:\\\/\\\/www.instagram.com\\\/holstein_switzerland\",\"https:\\\/\\\/www.youtube.com\\\/@holsteinswitzerland\"]}]}<\/script>\n<!-- \/ Yoast SEO plugin. -->","yoast_head_json":{"title":"Schweizer Taschenmesser Victorinox &#8211; Holstein Shop Switzerland","robots":{"index":"index","follow":"follow","max-snippet":"max-snippet:-1","max-image-preview":"max-image-preview:large","max-video-preview":"max-video-preview:-1"},"canonical":"https:\/\/shop.holstein.ch\/de\/shop\/freizeit-und-sport\/schweizer-taschenmesser-victorinox\/","og_locale":"de_DE","og_type":"article","og_title":"Schweizer Taschenmesser Victorinox &#8211; Holstein Shop Switzerland","og_description":"Mittleres Taschenmesser mit eleganten Holz-Schalen Seien Sie bereit f\u00fcr Ver\u00e4nderungen, erforschen Sie neue Horizonte und machen Sie jeden Tag Fortschritte. Genau das sind die Ideen der Evolution Kollektion. Das Evolution Wood 10 verf\u00fcgt \u00fcber 11 praktische Funktionen zwischen zwei eleganten Holz-Schalen mit eingraviertem Victorinox und Holstein Switerland Logos. Wohin Sie Ihr Weg auch f\u00fchrt, dieses Taschenmesser wird Sie \u00fcberall hin begleiten. Werkzeuge : 1 Ring, 2 grosse Klinge, 3 Nagelfeile, 4 Nagelreiniger, 5 Korkenzieher, 6 Kapselheber, 7 Schraubendreher 5 mm, 8 Drahtabisolierer, 9 Dosen\u00f6ffner, 10 Schraubendreher 3 mm, 11 Stech-Bohr-N\u00e4hahle. Abmessungen : H\u00f6he : 17.5 mm, Nettogewicht : 54 g Details : Schalenmaterial :Nussbaumholz, Gr\u00f6sse : 85 mm, Feststellklinge : Nein, Einhandklinge : Nein.","og_url":"https:\/\/shop.holstein.ch\/de\/shop\/freizeit-und-sport\/schweizer-taschenmesser-victorinox\/","og_site_name":"Holstein Shop Switzerland","article_publisher":"https:\/\/www.facebook.com\/HolSwi","article_modified_time":"2025-10-21T17:55:49+00:00","og_image":[{"width":2560,"height":1707,"url":"https:\/\/shop.holstein.ch\/wp-content\/uploads\/couteau_HOS-scaled.jpg","type":"image\/jpeg"}],"twitter_card":"summary_large_image","schema":{"@context":"https:\/\/schema.org","@graph":[{"@type":"WebPage","@id":"https:\/\/shop.holstein.ch\/de\/shop\/freizeit-und-sport\/schweizer-taschenmesser-victorinox\/","url":"https:\/\/shop.holstein.ch\/de\/shop\/freizeit-und-sport\/schweizer-taschenmesser-victorinox\/","name":"Schweizer Taschenmesser Victorinox &#8211; Holstein Shop Switzerland","isPartOf":{"@id":"https:\/\/shop.holstein.ch\/fr\/#website"},"primaryImageOfPage":{"@id":"https:\/\/shop.holstein.ch\/de\/shop\/freizeit-und-sport\/schweizer-taschenmesser-victorinox\/#primaryimage"},"image":{"@id":"https:\/\/shop.holstein.ch\/de\/shop\/freizeit-und-sport\/schweizer-taschenmesser-victorinox\/#primaryimage"},"thumbnailUrl":"https:\/\/shop.holstein.ch\/wp-content\/uploads\/couteau_HOS-scaled.jpg","datePublished":"2020-02-20T09:37:11+00:00","dateModified":"2025-10-21T17:55:49+00:00","breadcrumb":{"@id":"https:\/\/shop.holstein.ch\/de\/shop\/freizeit-und-sport\/schweizer-taschenmesser-victorinox\/#breadcrumb"},"inLanguage":"de","potentialAction":[{"@type":"ReadAction","target":["https:\/\/shop.holstein.ch\/de\/shop\/freizeit-und-sport\/schweizer-taschenmesser-victorinox\/"]}]},{"@type":"ImageObject","inLanguage":"de","@id":"https:\/\/shop.holstein.ch\/de\/shop\/freizeit-und-sport\/schweizer-taschenmesser-victorinox\/#primaryimage","url":"https:\/\/shop.holstein.ch\/wp-content\/uploads\/couteau_HOS-scaled.jpg","contentUrl":"https:\/\/shop.holstein.ch\/wp-content\/uploads\/couteau_HOS-scaled.jpg","width":2560,"height":1707},{"@type":"BreadcrumbList","@id":"https:\/\/shop.holstein.ch\/de\/shop\/freizeit-und-sport\/schweizer-taschenmesser-victorinox\/#breadcrumb","itemListElement":[{"@type":"ListItem","position":1,"name":"Holstein Shop","item":"https:\/\/shop.holstein.ch\/de\/"},{"@type":"ListItem","position":2,"name":"Arbeite auf der Farm","item":"https:\/\/shop.holstein.ch\/de\/categorie-produit\/arbeite-auf-der-farm\/"},{"@type":"ListItem","position":3,"name":"Schweizer Taschenmesser Victorinox"}]},{"@type":"WebSite","@id":"https:\/\/shop.holstein.ch\/fr\/#website","url":"https:\/\/shop.holstein.ch\/fr\/","name":"Holstein Switzerland Shop","description":"Des articles pour prolonger votre attachement \u00e0 Holstein Switzerland","publisher":{"@id":"https:\/\/shop.holstein.ch\/fr\/#organization"},"potentialAction":[{"@type":"SearchAction","target":{"@type":"EntryPoint","urlTemplate":"https:\/\/shop.holstein.ch\/fr\/?s={search_term_string}"},"query-input":{"@type":"PropertyValueSpecification","valueRequired":true,"valueName":"search_term_string"}}],"inLanguage":"de"},{"@type":"Organization","@id":"https:\/\/shop.holstein.ch\/fr\/#organization","name":"Holstein Switzerland Shop","url":"https:\/\/shop.holstein.ch\/fr\/","logo":{"@type":"ImageObject","inLanguage":"de","@id":"https:\/\/shop.holstein.ch\/fr\/#\/schema\/logo\/image\/","url":"https:\/\/shop.holstein.ch\/wp-content\/uploads\/2023\/11\/holstein_switzerland_logo.svg","contentUrl":"https:\/\/shop.holstein.ch\/wp-content\/uploads\/2023\/11\/holstein_switzerland_logo.svg","width":591,"height":458,"caption":"Holstein Switzerland Shop"},"image":{"@id":"https:\/\/shop.holstein.ch\/fr\/#\/schema\/logo\/image\/"},"sameAs":["https:\/\/www.facebook.com\/HolSwi","https:\/\/www.instagram.com\/holstein_switzerland","https:\/\/www.youtube.com\/@holsteinswitzerland"]}]}},"_links":{"self":[{"href":"https:\/\/shop.holstein.ch\/de\/wp-json\/wp\/v2\/product\/22599","targetHints":{"allow":["GET"]}}],"collection":[{"href":"https:\/\/shop.holstein.ch\/de\/wp-json\/wp\/v2\/product"}],"about":[{"href":"https:\/\/shop.holstein.ch\/de\/wp-json\/wp\/v2\/types\/product"}],"replies":[{"embeddable":true,"href":"https:\/\/shop.holstein.ch\/de\/wp-json\/wp\/v2\/comments?post=22599"}],"wp:featuredmedia":[{"embeddable":true,"href":"https:\/\/shop.holstein.ch\/de\/wp-json\/wp\/v2\/media\/21999"}],"wp:attachment":[{"href":"https:\/\/shop.holstein.ch\/de\/wp-json\/wp\/v2\/media?parent=22599"}],"wp:term":[{"taxonomy":"product_brand","embeddable":true,"href":"https:\/\/shop.holstein.ch\/de\/wp-json\/wp\/v2\/product_brand?post=22599"},{"taxonomy":"product_cat","embeddable":true,"href":"https:\/\/shop.holstein.ch\/de\/wp-json\/wp\/v2\/product_cat?post=22599"},{"taxonomy":"product_tag","embeddable":true,"href":"https:\/\/shop.holstein.ch\/de\/wp-json\/wp\/v2\/product_tag?post=22599"}],"curies":[{"name":"wp","href":"https:\/\/api.w.org\/{rel}","templated":true}]}}