{"id":22542,"date":"2025-11-20T13:24:29","date_gmt":"2025-11-20T12:24:29","guid":{"rendered":"https:\/\/u91g9begmy.preview.infomaniak.website\/boutique\/unkategorisiert\/holstein-modellkuh\/"},"modified":"2025-11-25T13:17:33","modified_gmt":"2025-11-25T12:17:33","slug":"holstein-modellkuh","status":"publish","type":"product","link":"https:\/\/shop.holstein.ch\/de\/shop\/goodies\/holstein-modellkuh\/","title":{"rendered":"Holstein- Modellkuh | KuhKuh"},"content":{"rendered":"<p><strong>KuhKuh, die Holstein-Modellkuh by Holstein Switzerland!<\/strong><\/p>\n<ul>\n<li>Made in Switzerland: 100 % lokale Produktion<\/li>\n<li>Kuh aus biobasiertem PLA (pflanzlicher Kunststoff aus erneuerbaren Ressourcen, umweltfreundlich).<\/li>\n<li>Sockel aus Schweizer Ahornholz.<\/li>\n<li>Sorgf\u00e4ltige Lieferung: Sichere Verpackung f\u00fcr einen unbesch\u00e4digten Empfang.<\/li>\n<\/ul>\n<p>Abmessungen: 28 cm (L) x 12,5 cm (B) x 21 cm (H)<\/p>\n","protected":false},"excerpt":{"rendered":"<p>Holstein-Kuhmodell \u2013 KuhKuh<br \/>Sockel aus Holz und Kuh aus PLA (biologisch abbaubarer Kunststoff)<br \/>Design und Produktion in der Schweiz byHolstein Switzerland<\/p>\n","protected":false},"featured_media":211510,"comment_status":"open","ping_status":"closed","template":"","meta":{"_monsterinsights_skip_tracking":false,"_monsterinsights_sitenote_active":false,"_monsterinsights_sitenote_note":"","_monsterinsights_sitenote_category":0},"product_brand":[],"product_cat":[593,594],"product_tag":[],"class_list":{"0":"post-22542","1":"product","2":"type-product","3":"status-publish","4":"has-post-thumbnail","6":"product_cat-goodies","7":"product_cat-limitierte-auflage","9":"first","10":"instock","11":"taxable","12":"shipping-taxable","13":"purchasable","14":"product-type-simple"},"yoast_head":"<!-- This site is optimized with the Yoast SEO plugin v27.3 - https:\/\/yoast.com\/product\/yoast-seo-wordpress\/ -->\n<title>Holstein- Modellkuh | KuhKuh &#8211; Holstein Shop Switzerland<\/title>\n<meta name=\"robots\" content=\"index, follow, max-snippet:-1, max-image-preview:large, max-video-preview:-1\" \/>\n<link rel=\"canonical\" href=\"https:\/\/shop.holstein.ch\/de\/shop\/goodies\/holstein-modellkuh\/\" \/>\n<meta property=\"og:locale\" content=\"de_DE\" \/>\n<meta property=\"og:type\" content=\"article\" \/>\n<meta property=\"og:title\" content=\"Holstein- Modellkuh | KuhKuh &#8211; Holstein Shop Switzerland\" \/>\n<meta property=\"og:description\" content=\"Holstein-Kuhmodell \u2013 KuhKuhSockel aus Holz und Kuh aus PLA (biologisch abbaubarer Kunststoff)Design und Produktion in der Schweiz byHolstein Switzerland\" \/>\n<meta property=\"og:url\" content=\"https:\/\/shop.holstein.ch\/de\/shop\/goodies\/holstein-modellkuh\/\" \/>\n<meta property=\"og:site_name\" content=\"Holstein Shop Switzerland\" \/>\n<meta property=\"article:publisher\" content=\"https:\/\/www.facebook.com\/HolSwi\" \/>\n<meta property=\"article:modified_time\" content=\"2025-11-25T12:17:33+00:00\" \/>\n<meta property=\"og:image\" content=\"https:\/\/shop.holstein.ch\/wp-content\/uploads\/2025\/11\/2B5A2137-bis-1024x1024.jpg\" \/>\n\t<meta property=\"og:image:width\" content=\"1024\" \/>\n\t<meta property=\"og:image:height\" content=\"1024\" \/>\n\t<meta property=\"og:image:type\" content=\"image\/jpeg\" \/>\n<meta name=\"twitter:card\" content=\"summary_large_image\" \/>\n<meta name=\"twitter:label1\" content=\"Gesch\u00e4tzte Lesezeit\" \/>\n\t<meta name=\"twitter:data1\" content=\"1\u00a0Minute\" \/>\n<script type=\"application\/ld+json\" class=\"yoast-schema-graph\">{\"@context\":\"https:\\\/\\\/schema.org\",\"@graph\":[{\"@type\":\"WebPage\",\"@id\":\"https:\\\/\\\/shop.holstein.ch\\\/de\\\/shop\\\/goodies\\\/holstein-modellkuh\\\/\",\"url\":\"https:\\\/\\\/shop.holstein.ch\\\/de\\\/shop\\\/goodies\\\/holstein-modellkuh\\\/\",\"name\":\"Holstein- Modellkuh | KuhKuh &#8211; Holstein Shop Switzerland\",\"isPartOf\":{\"@id\":\"https:\\\/\\\/shop.holstein.ch\\\/fr\\\/#website\"},\"primaryImageOfPage\":{\"@id\":\"https:\\\/\\\/shop.holstein.ch\\\/de\\\/shop\\\/goodies\\\/holstein-modellkuh\\\/#primaryimage\"},\"image\":{\"@id\":\"https:\\\/\\\/shop.holstein.ch\\\/de\\\/shop\\\/goodies\\\/holstein-modellkuh\\\/#primaryimage\"},\"thumbnailUrl\":\"https:\\\/\\\/shop.holstein.ch\\\/wp-content\\\/uploads\\\/2025\\\/11\\\/2B5A2137-bis.jpg\",\"datePublished\":\"2025-11-20T12:24:29+00:00\",\"dateModified\":\"2025-11-25T12:17:33+00:00\",\"breadcrumb\":{\"@id\":\"https:\\\/\\\/shop.holstein.ch\\\/de\\\/shop\\\/goodies\\\/holstein-modellkuh\\\/#breadcrumb\"},\"inLanguage\":\"de\",\"potentialAction\":[{\"@type\":\"ReadAction\",\"target\":[\"https:\\\/\\\/shop.holstein.ch\\\/de\\\/shop\\\/goodies\\\/holstein-modellkuh\\\/\"]}]},{\"@type\":\"ImageObject\",\"inLanguage\":\"de\",\"@id\":\"https:\\\/\\\/shop.holstein.ch\\\/de\\\/shop\\\/goodies\\\/holstein-modellkuh\\\/#primaryimage\",\"url\":\"https:\\\/\\\/shop.holstein.ch\\\/wp-content\\\/uploads\\\/2025\\\/11\\\/2B5A2137-bis.jpg\",\"contentUrl\":\"https:\\\/\\\/shop.holstein.ch\\\/wp-content\\\/uploads\\\/2025\\\/11\\\/2B5A2137-bis.jpg\",\"width\":2056,\"height\":2056},{\"@type\":\"BreadcrumbList\",\"@id\":\"https:\\\/\\\/shop.holstein.ch\\\/de\\\/shop\\\/goodies\\\/holstein-modellkuh\\\/#breadcrumb\",\"itemListElement\":[{\"@type\":\"ListItem\",\"position\":1,\"name\":\"Holstein Shop\",\"item\":\"https:\\\/\\\/shop.holstein.ch\\\/de\\\/\"},{\"@type\":\"ListItem\",\"position\":2,\"name\":\"Goodies\",\"item\":\"https:\\\/\\\/shop.holstein.ch\\\/de\\\/categorie-produit\\\/goodies\\\/\"},{\"@type\":\"ListItem\",\"position\":3,\"name\":\"Holstein- Modellkuh | KuhKuh\"}]},{\"@type\":\"WebSite\",\"@id\":\"https:\\\/\\\/shop.holstein.ch\\\/fr\\\/#website\",\"url\":\"https:\\\/\\\/shop.holstein.ch\\\/fr\\\/\",\"name\":\"Holstein Switzerland Shop\",\"description\":\"Des articles pour prolonger votre attachement \u00e0 Holstein Switzerland\",\"publisher\":{\"@id\":\"https:\\\/\\\/shop.holstein.ch\\\/fr\\\/#organization\"},\"potentialAction\":[{\"@type\":\"SearchAction\",\"target\":{\"@type\":\"EntryPoint\",\"urlTemplate\":\"https:\\\/\\\/shop.holstein.ch\\\/fr\\\/?s={search_term_string}\"},\"query-input\":{\"@type\":\"PropertyValueSpecification\",\"valueRequired\":true,\"valueName\":\"search_term_string\"}}],\"inLanguage\":\"de\"},{\"@type\":\"Organization\",\"@id\":\"https:\\\/\\\/shop.holstein.ch\\\/fr\\\/#organization\",\"name\":\"Holstein Switzerland Shop\",\"url\":\"https:\\\/\\\/shop.holstein.ch\\\/fr\\\/\",\"logo\":{\"@type\":\"ImageObject\",\"inLanguage\":\"de\",\"@id\":\"https:\\\/\\\/shop.holstein.ch\\\/fr\\\/#\\\/schema\\\/logo\\\/image\\\/\",\"url\":\"https:\\\/\\\/shop.holstein.ch\\\/wp-content\\\/uploads\\\/2023\\\/11\\\/holstein_switzerland_logo.svg\",\"contentUrl\":\"https:\\\/\\\/shop.holstein.ch\\\/wp-content\\\/uploads\\\/2023\\\/11\\\/holstein_switzerland_logo.svg\",\"width\":591,\"height\":458,\"caption\":\"Holstein Switzerland Shop\"},\"image\":{\"@id\":\"https:\\\/\\\/shop.holstein.ch\\\/fr\\\/#\\\/schema\\\/logo\\\/image\\\/\"},\"sameAs\":[\"https:\\\/\\\/www.facebook.com\\\/HolSwi\",\"https:\\\/\\\/www.instagram.com\\\/holstein_switzerland\",\"https:\\\/\\\/www.youtube.com\\\/@holsteinswitzerland\"]}]}<\/script>\n<!-- \/ Yoast SEO plugin. -->","yoast_head_json":{"title":"Holstein- Modellkuh | KuhKuh &#8211; Holstein Shop Switzerland","robots":{"index":"index","follow":"follow","max-snippet":"max-snippet:-1","max-image-preview":"max-image-preview:large","max-video-preview":"max-video-preview:-1"},"canonical":"https:\/\/shop.holstein.ch\/de\/shop\/goodies\/holstein-modellkuh\/","og_locale":"de_DE","og_type":"article","og_title":"Holstein- Modellkuh | KuhKuh &#8211; Holstein Shop Switzerland","og_description":"Holstein-Kuhmodell \u2013 KuhKuhSockel aus Holz und Kuh aus PLA (biologisch abbaubarer Kunststoff)Design und Produktion in der Schweiz byHolstein Switzerland","og_url":"https:\/\/shop.holstein.ch\/de\/shop\/goodies\/holstein-modellkuh\/","og_site_name":"Holstein Shop Switzerland","article_publisher":"https:\/\/www.facebook.com\/HolSwi","article_modified_time":"2025-11-25T12:17:33+00:00","og_image":[{"width":1024,"height":1024,"url":"https:\/\/shop.holstein.ch\/wp-content\/uploads\/2025\/11\/2B5A2137-bis-1024x1024.jpg","type":"image\/jpeg"}],"twitter_card":"summary_large_image","twitter_misc":{"Gesch\u00e4tzte Lesezeit":"1\u00a0Minute"},"schema":{"@context":"https:\/\/schema.org","@graph":[{"@type":"WebPage","@id":"https:\/\/shop.holstein.ch\/de\/shop\/goodies\/holstein-modellkuh\/","url":"https:\/\/shop.holstein.ch\/de\/shop\/goodies\/holstein-modellkuh\/","name":"Holstein- Modellkuh | KuhKuh &#8211; Holstein Shop Switzerland","isPartOf":{"@id":"https:\/\/shop.holstein.ch\/fr\/#website"},"primaryImageOfPage":{"@id":"https:\/\/shop.holstein.ch\/de\/shop\/goodies\/holstein-modellkuh\/#primaryimage"},"image":{"@id":"https:\/\/shop.holstein.ch\/de\/shop\/goodies\/holstein-modellkuh\/#primaryimage"},"thumbnailUrl":"https:\/\/shop.holstein.ch\/wp-content\/uploads\/2025\/11\/2B5A2137-bis.jpg","datePublished":"2025-11-20T12:24:29+00:00","dateModified":"2025-11-25T12:17:33+00:00","breadcrumb":{"@id":"https:\/\/shop.holstein.ch\/de\/shop\/goodies\/holstein-modellkuh\/#breadcrumb"},"inLanguage":"de","potentialAction":[{"@type":"ReadAction","target":["https:\/\/shop.holstein.ch\/de\/shop\/goodies\/holstein-modellkuh\/"]}]},{"@type":"ImageObject","inLanguage":"de","@id":"https:\/\/shop.holstein.ch\/de\/shop\/goodies\/holstein-modellkuh\/#primaryimage","url":"https:\/\/shop.holstein.ch\/wp-content\/uploads\/2025\/11\/2B5A2137-bis.jpg","contentUrl":"https:\/\/shop.holstein.ch\/wp-content\/uploads\/2025\/11\/2B5A2137-bis.jpg","width":2056,"height":2056},{"@type":"BreadcrumbList","@id":"https:\/\/shop.holstein.ch\/de\/shop\/goodies\/holstein-modellkuh\/#breadcrumb","itemListElement":[{"@type":"ListItem","position":1,"name":"Holstein Shop","item":"https:\/\/shop.holstein.ch\/de\/"},{"@type":"ListItem","position":2,"name":"Goodies","item":"https:\/\/shop.holstein.ch\/de\/categorie-produit\/goodies\/"},{"@type":"ListItem","position":3,"name":"Holstein- Modellkuh | KuhKuh"}]},{"@type":"WebSite","@id":"https:\/\/shop.holstein.ch\/fr\/#website","url":"https:\/\/shop.holstein.ch\/fr\/","name":"Holstein Switzerland Shop","description":"Des articles pour prolonger votre attachement \u00e0 Holstein Switzerland","publisher":{"@id":"https:\/\/shop.holstein.ch\/fr\/#organization"},"potentialAction":[{"@type":"SearchAction","target":{"@type":"EntryPoint","urlTemplate":"https:\/\/shop.holstein.ch\/fr\/?s={search_term_string}"},"query-input":{"@type":"PropertyValueSpecification","valueRequired":true,"valueName":"search_term_string"}}],"inLanguage":"de"},{"@type":"Organization","@id":"https:\/\/shop.holstein.ch\/fr\/#organization","name":"Holstein Switzerland Shop","url":"https:\/\/shop.holstein.ch\/fr\/","logo":{"@type":"ImageObject","inLanguage":"de","@id":"https:\/\/shop.holstein.ch\/fr\/#\/schema\/logo\/image\/","url":"https:\/\/shop.holstein.ch\/wp-content\/uploads\/2023\/11\/holstein_switzerland_logo.svg","contentUrl":"https:\/\/shop.holstein.ch\/wp-content\/uploads\/2023\/11\/holstein_switzerland_logo.svg","width":591,"height":458,"caption":"Holstein Switzerland Shop"},"image":{"@id":"https:\/\/shop.holstein.ch\/fr\/#\/schema\/logo\/image\/"},"sameAs":["https:\/\/www.facebook.com\/HolSwi","https:\/\/www.instagram.com\/holstein_switzerland","https:\/\/www.youtube.com\/@holsteinswitzerland"]}]}},"_links":{"self":[{"href":"https:\/\/shop.holstein.ch\/de\/wp-json\/wp\/v2\/product\/22542","targetHints":{"allow":["GET"]}}],"collection":[{"href":"https:\/\/shop.holstein.ch\/de\/wp-json\/wp\/v2\/product"}],"about":[{"href":"https:\/\/shop.holstein.ch\/de\/wp-json\/wp\/v2\/types\/product"}],"replies":[{"embeddable":true,"href":"https:\/\/shop.holstein.ch\/de\/wp-json\/wp\/v2\/comments?post=22542"}],"wp:featuredmedia":[{"embeddable":true,"href":"https:\/\/shop.holstein.ch\/de\/wp-json\/wp\/v2\/media\/211510"}],"wp:attachment":[{"href":"https:\/\/shop.holstein.ch\/de\/wp-json\/wp\/v2\/media?parent=22542"}],"wp:term":[{"taxonomy":"product_brand","embeddable":true,"href":"https:\/\/shop.holstein.ch\/de\/wp-json\/wp\/v2\/product_brand?post=22542"},{"taxonomy":"product_cat","embeddable":true,"href":"https:\/\/shop.holstein.ch\/de\/wp-json\/wp\/v2\/product_cat?post=22542"},{"taxonomy":"product_tag","embeddable":true,"href":"https:\/\/shop.holstein.ch\/de\/wp-json\/wp\/v2\/product_tag?post=22542"}],"curies":[{"name":"wp","href":"https:\/\/api.w.org\/{rel}","templated":true}]}}