{"id":22720,"date":"2019-07-01T15:59:37","date_gmt":"2019-07-01T13:59:37","guid":{"rendered":"https:\/\/u91g9begmy.preview.infomaniak.website\/datenschutzrichtlinie\/"},"modified":"2023-12-28T10:33:01","modified_gmt":"2023-12-28T09:33:01","slug":"datenschutzrichtlinie","status":"publish","type":"page","link":"https:\/\/shop.holstein.ch\/de\/datenschutzrichtlinie\/","title":{"rendered":"Datenschutzrichtlinie"},"content":{"rendered":"\t\t<div data-elementor-type=\"wp-page\" data-elementor-id=\"22720\" class=\"elementor elementor-22720 elementor-11528\" data-elementor-post-type=\"page\">\n\t\t\t\t<div class=\"has_ae_slider elementor-element elementor-element-305ef5e e-flex e-con-boxed ae-bg-gallery-type-default e-con e-parent\" data-id=\"305ef5e\" data-element_type=\"container\">\n\t\t\t\t\t<div class=\"e-con-inner\">\n\t\t\t\t<div class=\"elementor-element elementor-element-fecc8cf elementor-widget elementor-widget-heading\" data-id=\"fecc8cf\" data-element_type=\"widget\" data-widget_type=\"heading.default\">\n\t\t\t\t<div class=\"elementor-widget-container\">\n\t\t\t\t\t<h1 class=\"elementor-heading-title elementor-size-default\">Mod\u00e8le Bloc Produit DE<\/h1>\t\t\t\t<\/div>\n\t\t\t\t<\/div>\n\t\t\t\t\t<\/div>\n\t\t\t\t<\/div>\n\t\t<div class=\"has_ae_slider elementor-element elementor-element-3054bcb e-flex e-con-boxed ae-bg-gallery-type-default e-con e-parent\" data-id=\"3054bcb\" data-element_type=\"container\">\n\t\t\t\t\t<div class=\"e-con-inner\">\n\t\t<div class=\"has_ae_slider elementor-element elementor-element-2418a98 e-flex e-con-boxed ae-bg-gallery-type-default e-con e-child\" data-id=\"2418a98\" data-element_type=\"container\">\n\t\t\t\t\t<div class=\"e-con-inner\">\n\t\t<div class=\"has_ae_slider elementor-element elementor-element-4c677f7 e-con-full e-flex ae-bg-gallery-type-default e-con e-child\" data-id=\"4c677f7\" data-element_type=\"container\">\n\t\t\t\t<div class=\"elementor-element elementor-element-e143c31 elementor-widget elementor-widget-text-editor\" data-id=\"e143c31\" data-element_type=\"widget\" data-widget_type=\"text-editor.default\">\n\t\t\t\t<div class=\"elementor-widget-container\">\n\t\t\t\t\t\t\t\t\t<h3>Einleitung<\/h3><p>Inkrafttreten: 1. September 2023<\/p><p>Die vorliegende Datenschutzrichtlinie beschreibt, wie Holstein Switzerland Ihre pers\u00f6nlichen Daten gem\u00e4ss dem Bundesgesetz \u00fcber den Datenschutz (DSG) sammelt, benutzt und teilt. Der Schutz Ihrer Privatsph\u00e4re und Ihrer pers\u00f6nlichen Daten liegt uns am Herzen. Indem Sie unsere Dienstleistungen nutzen, stimmen Sie der Erfassung und Nutzung Ihrer pers\u00f6nlichen Daten, wie in der vorliegenden Datenschutzrichtlinie dargelegt, zu.<\/p><h3>1. Verantwortlicher f\u00fcr die Bearbeitung<\/h3><p>F\u00fcr erg\u00e4nzende Informationen und f\u00fcr jegliche Fragen zu den pers\u00f6nlichen Daten wenden Sie sich bitte an:<\/p><p>Holstein Switzerland<br \/>Rte de Grangeneuve 37<br \/>1725 Posieux<\/p><p>026 564 12 00<\/p><p><a href=\"mailto:info@holstein.ch\" target=\"_blank\" rel=\"noopener\">info@holstein.ch<\/a><\/p><h3>2. Erfasste Informationen<\/h3><p>Wir erfassen und bearbeiten folgende Kategorien von pers\u00f6nlichen Daten:<\/p><ul><li>Identifikationsdaten: Name, Vorname, Adresse, Telefonnummern, E-Mail-Adressen, Geburtsdatum, AHV-Nr.<\/li><li>Kontodaten: Benutzername, Passwort<\/li><li>Zahlungsdaten: erforderliche Daten f\u00fcr die Bearbeitung der Zahlungen und L\u00f6hne<\/li><\/ul><h3>3. Nutzung Ihrer Daten<\/h3><p>Erbringung unserer Dienstleistungen und Bearbeitung Ihrer Anfragen<\/p><ul><li>Verwaltung Ihres Kontos und Ihres Zugangs zu unseren Dienstleistungen<\/li><li>Bearbeitung der Bezahlungen und Verwaltung der finanziellen<\/li><li>Transaktionen<\/li><li>Kommunikation mit Ihnen, auch f\u00fcr Aktualisierungen und Sonderangebote<\/li><li>Verbesserung unserer Dienstleistungen, Durchf\u00fchrung von Analysen und Untersuchungen<\/li><\/ul><h3>4. Teilen Ihrer Daten<\/h3><p>Ihre pers\u00f6nlichen Daten werden ohne Ihre ausdr\u00fcckliche Einwilligung weder f\u00fcr Marketingzwecken verkauft, noch vermietet oder mit Dritten geteilt. Es kann vorkommen, dass wir Ihre Daten mit den untenstehenden Empf\u00e4ngerkategorien teilen:<\/p><ul><li>Ihre pers\u00f6nlichen Daten werden ohne Ihre ausdr\u00fcckliche Einwilligung weder f\u00fcr Marketingzwecken verkauft, noch vermietet oder mit Dritten geteilt.<\/li><li>Regierungs- oder Regulierungsbeh\u00f6rden, wenn es das Gesetz vorschreibt<\/li><li>Besamungsorganisationen und -anbieter im Rindviehsektor wie kantonale Verb\u00e4nde oder Z\u00fcchtervereinigungen<\/li><\/ul><h3>5. Schutz Ihrer Daten<\/h3><p>Wir treffen technische und organisatorische Massnahmen, um Ihre pers\u00f6nlichen Daten gegen jeglichen unbewilligten Zugriff, Verbreitung, Verf\u00e4lschung oder Zerst\u00f6rung zu sch\u00fctzen. Wir erinnern daran, dass keine \u00dcbermittlungsmethode auf Internet oder elektronische Aufbewahrungsart ganz sicher ist.<\/p><h3>6. Ihre Rechte<\/h3><p>Gem\u00e4ss DSG k\u00f6nnen Sie Zugang zu Ihren pers\u00f6nlichen Daten sowie deren Korrektur, \u00dcbermittlung und L\u00f6schung verlangen, die Bearbeitung der Daten begrenzen und ihre Nutzung f\u00fcr Direktmarketing verbieten. Um diese Rechte auszu\u00fcben, kontaktieren Sie uns unter der Adresse unter Punkt 1.<\/p><h3>7. \u00c4nderung der Datenschutzrichtlinie<\/h3><p>Die vorliegende Datenschutzrichtlinie kann regelm\u00e4ssig angepasst werden, um \u00c4nderungen in unserer Datenmanagementpraxis zu ber\u00fccksichtigen. Wir ermuntern Sie demzufolge, diese Seite regelm\u00e4ssig zu besuchen, damit Sie die neusten Informationen \u00fcber unsere Datenschutzpraxis kennen.<\/p><p>Indem Sie unsere Webseite, unsere Apps und unsere Dienstleistungen nach Inkrafttreten der Datenschutzrichtlinie benutzen, stimmen Sie der Erfassung, der Nutzung und der Aufbewahrung Ihrer pers\u00f6nlichen Daten gem\u00e4ss der vorliegenden Richtlinie zu.<\/p><p>Falls Sie Fragen zur vorliegenden Datenschutzrichtlinie haben, kontaktieren Sie uns bitte unter <a href=\"mailto:info@holstein.ch\" target=\"_blank\" rel=\"noopener\">info@holstein.ch<\/a>.<\/p><h3>8. Cookies<\/h3><div class=\"cky-audit-table-element\">\u00a0<\/div>\t\t\t\t\t\t\t\t<\/div>\n\t\t\t\t<\/div>\n\t\t\t\t<\/div>\n\t\t<div class=\"has_ae_slider elementor-element elementor-element-5539c5c e-con-full e-flex ae-bg-gallery-type-default e-con e-child\" data-id=\"5539c5c\" data-element_type=\"container\">\n\t\t\t\t<div class=\"elementor-element elementor-element-022a25a elementor-toc--minimized-on-tablet elementor-widget elementor-widget-table-of-contents\" data-id=\"022a25a\" data-element_type=\"widget\" data-settings=\"{&quot;headings_by_tags&quot;:[&quot;h2&quot;,&quot;h3&quot;],&quot;exclude_headings_by_selector&quot;:[],&quot;marker_view&quot;:&quot;bullets&quot;,&quot;icon&quot;:{&quot;value&quot;:&quot;&quot;,&quot;library&quot;:&quot;&quot;},&quot;no_headings_message&quot;:&quot;Es wurden keine \\u00dcberschriften auf dieser Seite gefunden.&quot;,&quot;minimize_box&quot;:&quot;yes&quot;,&quot;minimized_on&quot;:&quot;tablet&quot;,&quot;hierarchical_view&quot;:&quot;yes&quot;,&quot;min_height&quot;:{&quot;unit&quot;:&quot;px&quot;,&quot;size&quot;:&quot;&quot;,&quot;sizes&quot;:[]},&quot;min_height_widescreen&quot;:{&quot;unit&quot;:&quot;px&quot;,&quot;size&quot;:&quot;&quot;,&quot;sizes&quot;:[]},&quot;min_height_laptop&quot;:{&quot;unit&quot;:&quot;px&quot;,&quot;size&quot;:&quot;&quot;,&quot;sizes&quot;:[]},&quot;min_height_tablet_extra&quot;:{&quot;unit&quot;:&quot;px&quot;,&quot;size&quot;:&quot;&quot;,&quot;sizes&quot;:[]},&quot;min_height_tablet&quot;:{&quot;unit&quot;:&quot;px&quot;,&quot;size&quot;:&quot;&quot;,&quot;sizes&quot;:[]},&quot;min_height_mobile_extra&quot;:{&quot;unit&quot;:&quot;px&quot;,&quot;size&quot;:&quot;&quot;,&quot;sizes&quot;:[]},&quot;min_height_mobile&quot;:{&quot;unit&quot;:&quot;px&quot;,&quot;size&quot;:&quot;&quot;,&quot;sizes&quot;:[]}}\" data-widget_type=\"table-of-contents.default\">\n\t\t\t\t<div class=\"elementor-widget-container\">\n\t\t\t\t\t\t\t\t\t<div class=\"elementor-toc__header\">\n\t\t\t\t\t\t<h4 class=\"elementor-toc__header-title\">\n\t\t\t\tInhaltsverzeichnis\t\t\t<\/h4>\n\t\t\t\t\t\t\t\t\t\t<div class=\"elementor-toc__toggle-button elementor-toc__toggle-button--expand\" role=\"button\" tabindex=\"0\" aria-controls=\"elementor-toc__022a25a\" aria-expanded=\"true\" aria-label=\"Inhaltsverzeichnis \u00f6ffnen\"><svg aria-hidden=\"true\" class=\"e-font-icon-svg e-fas-chevron-down\" viewBox=\"0 0 448 512\" xmlns=\"http:\/\/www.w3.org\/2000\/svg\"><path d=\"M207.029 381.476L12.686 187.132c-9.373-9.373-9.373-24.569 0-33.941l22.667-22.667c9.357-9.357 24.522-9.375 33.901-.04L224 284.505l154.745-154.021c9.379-9.335 24.544-9.317 33.901.04l22.667 22.667c9.373 9.373 9.373 24.569 0 33.941L240.971 381.476c-9.373 9.372-24.569 9.372-33.942 0z\"><\/path><\/svg><\/div>\n\t\t\t\t<div class=\"elementor-toc__toggle-button elementor-toc__toggle-button--collapse\" role=\"button\" tabindex=\"0\" aria-controls=\"elementor-toc__022a25a\" aria-expanded=\"true\" aria-label=\"Inhaltsverzeichnis schlie\u00dfen\"><svg aria-hidden=\"true\" class=\"e-font-icon-svg e-fas-chevron-up\" viewBox=\"0 0 448 512\" xmlns=\"http:\/\/www.w3.org\/2000\/svg\"><path d=\"M240.971 130.524l194.343 194.343c9.373 9.373 9.373 24.569 0 33.941l-22.667 22.667c-9.357 9.357-24.522 9.375-33.901.04L224 227.495 69.255 381.516c-9.379 9.335-24.544 9.317-33.901-.04l-22.667-22.667c-9.373-9.373-9.373-24.569 0-33.941L207.03 130.525c9.372-9.373 24.568-9.373 33.941-.001z\"><\/path><\/svg><\/div>\n\t\t\t\t\t<\/div>\n\t\t\t\t<div id=\"elementor-toc__022a25a\" class=\"elementor-toc__body\">\n\t\t\t<div class=\"elementor-toc__spinner-container\">\n\t\t\t\t<svg class=\"elementor-toc__spinner eicon-animation-spin e-font-icon-svg e-eicon-loading\" aria-hidden=\"true\" viewBox=\"0 0 1000 1000\" xmlns=\"http:\/\/www.w3.org\/2000\/svg\"><path d=\"M500 975V858C696 858 858 696 858 500S696 142 500 142 142 304 142 500H25C25 237 238 25 500 25S975 237 975 500 763 975 500 975Z\"><\/path><\/svg>\t\t\t<\/div>\n\t\t<\/div>\n\t\t\t\t\t\t<\/div>\n\t\t\t\t<\/div>\n\t\t\t\t<\/div>\n\t\t\t\t\t<\/div>\n\t\t\t\t<\/div>\n\t\t\t\t\t<\/div>\n\t\t\t\t<\/div>\n\t\t\t\t<\/div>\n\t\t","protected":false},"excerpt":{"rendered":"<p>Einleitung Inkrafttreten: 1. September 2023 Die vorliegende Datenschutzrichtlinie beschreibt, wie Holstein Switzerland Ihre pers\u00f6nlichen Daten gem\u00e4ss dem Bundesgesetz \u00fcber den Datenschutz (DSG) sammelt, benutzt und teilt. Der Schutz Ihrer Privatsph\u00e4re und Ihrer pers\u00f6nlichen Daten liegt uns am Herzen. Indem Sie unsere Dienstleistungen nutzen, stimmen Sie der Erfassung und Nutzung Ihrer pers\u00f6nlichen Daten, wie in der [&hellip;]<\/p>\n","protected":false},"author":1,"featured_media":0,"parent":0,"menu_order":0,"comment_status":"closed","ping_status":"open","template":"","meta":{"_monsterinsights_skip_tracking":false,"_monsterinsights_sitenote_active":false,"_monsterinsights_sitenote_note":"","_monsterinsights_sitenote_category":0,"footnotes":""},"class_list":["post-22720","page","type-page","status-publish","hentry"],"yoast_head":"<!-- This site is optimized with the Yoast SEO plugin v27.3 - https:\/\/yoast.com\/product\/yoast-seo-wordpress\/ -->\n<title>Datenschutzrichtlinie &#8211; Holstein Shop Switzerland<\/title>\n<meta name=\"robots\" content=\"index, follow, max-snippet:-1, max-image-preview:large, max-video-preview:-1\" \/>\n<link rel=\"canonical\" href=\"https:\/\/shop.holstein.ch\/de\/datenschutzrichtlinie\/\" \/>\n<meta property=\"og:locale\" content=\"de_DE\" \/>\n<meta property=\"og:type\" content=\"article\" \/>\n<meta property=\"og:title\" content=\"Datenschutzrichtlinie &#8211; Holstein Shop Switzerland\" \/>\n<meta property=\"og:description\" content=\"Einleitung Inkrafttreten: 1. September 2023 Die vorliegende Datenschutzrichtlinie beschreibt, wie Holstein Switzerland Ihre pers\u00f6nlichen Daten gem\u00e4ss dem Bundesgesetz \u00fcber den Datenschutz (DSG) sammelt, benutzt und teilt. Der Schutz Ihrer Privatsph\u00e4re und Ihrer pers\u00f6nlichen Daten liegt uns am Herzen. Indem Sie unsere Dienstleistungen nutzen, stimmen Sie der Erfassung und Nutzung Ihrer pers\u00f6nlichen Daten, wie in der [&hellip;]\" \/>\n<meta property=\"og:url\" content=\"https:\/\/shop.holstein.ch\/de\/datenschutzrichtlinie\/\" \/>\n<meta property=\"og:site_name\" content=\"Holstein Shop Switzerland\" \/>\n<meta property=\"article:publisher\" content=\"https:\/\/www.facebook.com\/HolSwi\" \/>\n<meta property=\"article:modified_time\" content=\"2023-12-28T09:33:01+00:00\" \/>\n<meta property=\"og:image\" content=\"https:\/\/shop.holstein.ch\/wp-content\/uploads\/holstein-switzerland_logo.png\" \/>\n\t<meta property=\"og:image:width\" content=\"239\" \/>\n\t<meta property=\"og:image:height\" content=\"239\" \/>\n\t<meta property=\"og:image:type\" content=\"image\/png\" \/>\n<meta name=\"twitter:card\" content=\"summary_large_image\" \/>\n<meta name=\"twitter:label1\" content=\"Gesch\u00e4tzte Lesezeit\" \/>\n\t<meta name=\"twitter:data1\" content=\"3\u00a0Minuten\" \/>\n<script type=\"application\/ld+json\" class=\"yoast-schema-graph\">{\"@context\":\"https:\\\/\\\/schema.org\",\"@graph\":[{\"@type\":\"WebPage\",\"@id\":\"https:\\\/\\\/shop.holstein.ch\\\/de\\\/datenschutzrichtlinie\\\/\",\"url\":\"https:\\\/\\\/shop.holstein.ch\\\/de\\\/datenschutzrichtlinie\\\/\",\"name\":\"Datenschutzrichtlinie &#8211; Holstein Shop Switzerland\",\"isPartOf\":{\"@id\":\"https:\\\/\\\/shop.holstein.ch\\\/fr\\\/#website\"},\"datePublished\":\"2019-07-01T13:59:37+00:00\",\"dateModified\":\"2023-12-28T09:33:01+00:00\",\"inLanguage\":\"de\",\"potentialAction\":[{\"@type\":\"ReadAction\",\"target\":[\"https:\\\/\\\/shop.holstein.ch\\\/de\\\/datenschutzrichtlinie\\\/\"]}]},{\"@type\":\"WebSite\",\"@id\":\"https:\\\/\\\/shop.holstein.ch\\\/fr\\\/#website\",\"url\":\"https:\\\/\\\/shop.holstein.ch\\\/fr\\\/\",\"name\":\"Holstein Switzerland Shop\",\"description\":\"Des articles pour prolonger votre attachement \u00e0 Holstein Switzerland\",\"publisher\":{\"@id\":\"https:\\\/\\\/shop.holstein.ch\\\/fr\\\/#organization\"},\"potentialAction\":[{\"@type\":\"SearchAction\",\"target\":{\"@type\":\"EntryPoint\",\"urlTemplate\":\"https:\\\/\\\/shop.holstein.ch\\\/fr\\\/?s={search_term_string}\"},\"query-input\":{\"@type\":\"PropertyValueSpecification\",\"valueRequired\":true,\"valueName\":\"search_term_string\"}}],\"inLanguage\":\"de\"},{\"@type\":\"Organization\",\"@id\":\"https:\\\/\\\/shop.holstein.ch\\\/fr\\\/#organization\",\"name\":\"Holstein Switzerland Shop\",\"url\":\"https:\\\/\\\/shop.holstein.ch\\\/fr\\\/\",\"logo\":{\"@type\":\"ImageObject\",\"inLanguage\":\"de\",\"@id\":\"https:\\\/\\\/shop.holstein.ch\\\/fr\\\/#\\\/schema\\\/logo\\\/image\\\/\",\"url\":\"https:\\\/\\\/shop.holstein.ch\\\/wp-content\\\/uploads\\\/2023\\\/11\\\/holstein_switzerland_logo.svg\",\"contentUrl\":\"https:\\\/\\\/shop.holstein.ch\\\/wp-content\\\/uploads\\\/2023\\\/11\\\/holstein_switzerland_logo.svg\",\"width\":591,\"height\":458,\"caption\":\"Holstein Switzerland Shop\"},\"image\":{\"@id\":\"https:\\\/\\\/shop.holstein.ch\\\/fr\\\/#\\\/schema\\\/logo\\\/image\\\/\"},\"sameAs\":[\"https:\\\/\\\/www.facebook.com\\\/HolSwi\",\"https:\\\/\\\/www.instagram.com\\\/holstein_switzerland\",\"https:\\\/\\\/www.youtube.com\\\/@holsteinswitzerland\"]}]}<\/script>\n<!-- \/ Yoast SEO plugin. -->","yoast_head_json":{"title":"Datenschutzrichtlinie &#8211; Holstein Shop Switzerland","robots":{"index":"index","follow":"follow","max-snippet":"max-snippet:-1","max-image-preview":"max-image-preview:large","max-video-preview":"max-video-preview:-1"},"canonical":"https:\/\/shop.holstein.ch\/de\/datenschutzrichtlinie\/","og_locale":"de_DE","og_type":"article","og_title":"Datenschutzrichtlinie &#8211; Holstein Shop Switzerland","og_description":"Einleitung Inkrafttreten: 1. September 2023 Die vorliegende Datenschutzrichtlinie beschreibt, wie Holstein Switzerland Ihre pers\u00f6nlichen Daten gem\u00e4ss dem Bundesgesetz \u00fcber den Datenschutz (DSG) sammelt, benutzt und teilt. Der Schutz Ihrer Privatsph\u00e4re und Ihrer pers\u00f6nlichen Daten liegt uns am Herzen. Indem Sie unsere Dienstleistungen nutzen, stimmen Sie der Erfassung und Nutzung Ihrer pers\u00f6nlichen Daten, wie in der [&hellip;]","og_url":"https:\/\/shop.holstein.ch\/de\/datenschutzrichtlinie\/","og_site_name":"Holstein Shop Switzerland","article_publisher":"https:\/\/www.facebook.com\/HolSwi","article_modified_time":"2023-12-28T09:33:01+00:00","og_image":[{"width":239,"height":239,"url":"https:\/\/shop.holstein.ch\/wp-content\/uploads\/holstein-switzerland_logo.png","type":"image\/png"}],"twitter_card":"summary_large_image","twitter_misc":{"Gesch\u00e4tzte Lesezeit":"3\u00a0Minuten"},"schema":{"@context":"https:\/\/schema.org","@graph":[{"@type":"WebPage","@id":"https:\/\/shop.holstein.ch\/de\/datenschutzrichtlinie\/","url":"https:\/\/shop.holstein.ch\/de\/datenschutzrichtlinie\/","name":"Datenschutzrichtlinie &#8211; Holstein Shop Switzerland","isPartOf":{"@id":"https:\/\/shop.holstein.ch\/fr\/#website"},"datePublished":"2019-07-01T13:59:37+00:00","dateModified":"2023-12-28T09:33:01+00:00","inLanguage":"de","potentialAction":[{"@type":"ReadAction","target":["https:\/\/shop.holstein.ch\/de\/datenschutzrichtlinie\/"]}]},{"@type":"WebSite","@id":"https:\/\/shop.holstein.ch\/fr\/#website","url":"https:\/\/shop.holstein.ch\/fr\/","name":"Holstein Switzerland Shop","description":"Des articles pour prolonger votre attachement \u00e0 Holstein Switzerland","publisher":{"@id":"https:\/\/shop.holstein.ch\/fr\/#organization"},"potentialAction":[{"@type":"SearchAction","target":{"@type":"EntryPoint","urlTemplate":"https:\/\/shop.holstein.ch\/fr\/?s={search_term_string}"},"query-input":{"@type":"PropertyValueSpecification","valueRequired":true,"valueName":"search_term_string"}}],"inLanguage":"de"},{"@type":"Organization","@id":"https:\/\/shop.holstein.ch\/fr\/#organization","name":"Holstein Switzerland Shop","url":"https:\/\/shop.holstein.ch\/fr\/","logo":{"@type":"ImageObject","inLanguage":"de","@id":"https:\/\/shop.holstein.ch\/fr\/#\/schema\/logo\/image\/","url":"https:\/\/shop.holstein.ch\/wp-content\/uploads\/2023\/11\/holstein_switzerland_logo.svg","contentUrl":"https:\/\/shop.holstein.ch\/wp-content\/uploads\/2023\/11\/holstein_switzerland_logo.svg","width":591,"height":458,"caption":"Holstein Switzerland Shop"},"image":{"@id":"https:\/\/shop.holstein.ch\/fr\/#\/schema\/logo\/image\/"},"sameAs":["https:\/\/www.facebook.com\/HolSwi","https:\/\/www.instagram.com\/holstein_switzerland","https:\/\/www.youtube.com\/@holsteinswitzerland"]}]}},"_links":{"self":[{"href":"https:\/\/shop.holstein.ch\/de\/wp-json\/wp\/v2\/pages\/22720","targetHints":{"allow":["GET"]}}],"collection":[{"href":"https:\/\/shop.holstein.ch\/de\/wp-json\/wp\/v2\/pages"}],"about":[{"href":"https:\/\/shop.holstein.ch\/de\/wp-json\/wp\/v2\/types\/page"}],"author":[{"embeddable":true,"href":"https:\/\/shop.holstein.ch\/de\/wp-json\/wp\/v2\/users\/1"}],"replies":[{"embeddable":true,"href":"https:\/\/shop.holstein.ch\/de\/wp-json\/wp\/v2\/comments?post=22720"}],"version-history":[{"count":5,"href":"https:\/\/shop.holstein.ch\/de\/wp-json\/wp\/v2\/pages\/22720\/revisions"}],"predecessor-version":[{"id":209990,"href":"https:\/\/shop.holstein.ch\/de\/wp-json\/wp\/v2\/pages\/22720\/revisions\/209990"}],"wp:attachment":[{"href":"https:\/\/shop.holstein.ch\/de\/wp-json\/wp\/v2\/media?parent=22720"}],"curies":[{"name":"wp","href":"https:\/\/api.w.org\/{rel}","templated":true}]}}